{"id":965,"date":"2024-09-12T16:33:01","date_gmt":"2024-09-12T15:33:01","guid":{"rendered":"https:\/\/www.ptchrnr.pl\/?page_id=965"},"modified":"2025-05-16T03:07:59","modified_gmt":"2025-05-16T02:07:59","slug":"iii-zjazd-ptchrnr-2025","status":"publish","type":"page","link":"https:\/\/www.ptchrnr.pl\/en\/iii-zjazd-ptchrnr-2025\/","title":{"rendered":"III POS Meeting 2025"},"content":{"rendered":"<p class=\"has-text-align-center\"><strong><a href=\"https:\/\/www.ptchrnr.pl\/en\/news\/iii-zjazd-polskiego-towarzystwa-chirurgii-rekonstrukcyjnej-narzadu-ruchu-gniew-2025\/\">Relacja z III Zjazdu PTChRNR<\/a><\/strong><\/p>\n\n\n\n<p><\/p>\n\n\n\n<p><strong>Dear Sir or Madam, <\/strong><\/p>\n\n\n\n<p><strong>Dear Colleagues,<\/strong><\/p>\n\n\n\n<p>We are honored to invite you to the 3rd Congress of the Polish Orthoplastic Society \u201cOrthoplastic surgery\u201d, which will take place on May 9-10, 2025, at Gniew Castle.&nbsp;<\/p>\n\n\n\n<p>Once again, we will meet to discuss challenges related to the treatment of complex injuries and share our experiences in reconstructive techniques. This time, we will focus on lower leg orthoplastic surgery, surgical treatment of pressure ulcers, and secondary reconstructive procedures in the upper limb. As always, a joint session addressing topics at the intersection of surgery and anesthesiology, free topics, and a discussion on our \u201cmost difficult cases\u201d will be included. Due to the participation of international guests, we kindly ask speakers to prepare slide texts in English whenever possible.&nbsp;<\/p>\n\n\n\n<p>We hope that our meetings will allow us to improve patient care and expand our horizons in the field of reconstructive surgery.&nbsp;<\/p>\n\n\n\n<p>We invite all those interested in reconstructive surgery to actively participate in our Congress!<\/p>\n\n\n\n<p><strong>Participation Fees:<\/strong><\/p>\n\n\n\n<ul class=\"wp-block-list\">\n<li>POS members actively participating (presenting their papers\/abstracts at the Congress) \u2013 0 PLN<\/li>\n<\/ul>\n\n\n\n<ul class=\"wp-block-list\">\n<li>POS members not presenting their papers\/abstracts \u2013 300 PLN<\/li>\n<\/ul>\n\n\n\n<ul class=\"wp-block-list\">\n<li>Non POS members, accompanying persons (participating in shared dinners and lunches) \u2013 600 PLN<\/li>\n<\/ul>\n\n\n\n<ul class=\"wp-block-list\">\n<li>Company representatives (if not covered by separate agreements) \u2013 600 PLN<\/li>\n<\/ul>\n\n\n\n<p><\/p>\n\n\n\n<p>In case of cancellation after payment, a full refund will only be granted if cancellation is reported by April 8, 2025.&nbsp;<\/p>\n\n\n\n<p>Participation fees do not include accommodation.&nbsp;<\/p>\n\n\n\n<p>To register, please send an email to:&nbsp;<a href=\"mailto:prezes@ptchrnr.pl\">prezes@ptchrnr.pl<\/a>&nbsp;or &nbsp;<a href=\"mailto:kontakt@ptchrnr.pl\">contact@ptchrnr.pl<\/a>.<\/p>\n\n\n\n<p><strong>Payment Details:<\/strong><\/p>\n\n\n\n<p>Bank: Mbank \nAccount number: PL37 1140 2004 0000 3602 8217 3470<\/p>\n\n\n\n<p>Transfer title: \u201cIII Congress \u2013 Participant\u2019s Name and Surname\u201d<\/p>\n\n\n\n<p><\/p>\n\n\n\n<p><strong>General Assembly of Polish Orthoplastic Society Members<\/strong><\/p>\n\n\n\n<p>On May 9 at 8:30 AM, at Gniew Castle, the General Assembly of the Polish Orthoplastic Society will take place. The main agenda includes a summary of 2024 and the selection of the next Congress venue and date. <a href=\"https:\/\/www.ptchrnr.pl\/en\/program-walnego-zebrania-czlonkow-polskiego-towarzystwa-chirurgii-rekonstrukcyjnej-narzadu-ruchu\/\">Program szczeg\u00f3\u0142owy Walnego Zebrania Cz\u0142onk\u00f3w PTChRNR.<\/a><\/p>\n\n\n\n<p>See You in Gniew!<\/p>\n\n\n\n<p><\/p>\n\n\n\n<p>Best regards,<\/p>\n\n\n\n<p>Pawe\u0142 Maleta &amp; Bartosz Ma\u0144kowski<\/p>\n\n\n\n<p>on behalf of the POS Board<\/p>\n\n\n\n<p><\/p>\n\n\n\n<p class=\"has-text-align-center\"><strong>Invited International Speakers<\/strong><\/p>\n\n\n\n<p><\/p>\n\n\n\n<div class=\"wp-block-group\"><div class=\"wp-block-group__inner-container is-layout-constrained wp-block-group-is-layout-constrained\">\n<div class=\"wp-block-cover alignleft\"><span aria-hidden=\"true\" class=\"wp-block-cover__background has-background-dim\"><\/span><img loading=\"lazy\" decoding=\"async\" width=\"312\" height=\"312\" class=\"wp-block-cover__image-background wp-image-1053\" alt=\"\" src=\"https:\/\/www.ptchrnr.pl\/wp-content\/uploads\/2025\/03\/image-3.png\" data-object-fit=\"cover\" srcset=\"https:\/\/www.ptchrnr.pl\/wp-content\/uploads\/2025\/03\/image-3.png 312w, https:\/\/www.ptchrnr.pl\/wp-content\/uploads\/2025\/03\/image-3-300x300.png 300w, https:\/\/www.ptchrnr.pl\/wp-content\/uploads\/2025\/03\/image-3-150x150.png 150w, https:\/\/www.ptchrnr.pl\/wp-content\/uploads\/2025\/03\/image-3-12x12.png 12w, https:\/\/www.ptchrnr.pl\/wp-content\/uploads\/2025\/03\/image-3-240x240.png 240w\" sizes=\"auto, (max-width: 312px) 100vw, 312px\" \/><div class=\"wp-block-cover__inner-container is-layout-flow wp-block-cover-is-layout-flow\">\n<p class=\"has-text-align-center has-large-font-size\"><\/p>\n<\/div><\/div>\n\n\n\n<p><strong>Prof. Joon Pio Hong<\/strong> <\/p>\n\n\n\n<p>One of the most outstanding reconstructive microsurgeons and an international ambassador of microsurgery. A distinguished teacher and surgeon who traveled across the globe, teaching, operating, and inspiring others to practice reconstructive microsurgery. Professor of Plastic and Reconstructive Surgery at the University of Ulsan Medical School and Asan Medical Center in Seoul. A member of numerous international surgical societies and the author of many innovative scientific publications.<\/p>\n<\/div><\/div>\n\n\n\n<hr class=\"wp-block-separator has-alpha-channel-opacity\"\/>\n\n\n\n<div class=\"wp-block-group\"><div class=\"wp-block-group__inner-container is-layout-constrained wp-block-group-is-layout-constrained\">\n<div class=\"wp-block-cover alignleft\"><span aria-hidden=\"true\" class=\"wp-block-cover__background has-background-dim\"><\/span><img loading=\"lazy\" decoding=\"async\" width=\"1024\" height=\"980\" class=\"wp-block-cover__image-background wp-image-1054\" alt=\"\" src=\"https:\/\/www.ptchrnr.pl\/wp-content\/uploads\/2025\/03\/image-4-1024x980.png\" data-object-fit=\"cover\" srcset=\"https:\/\/www.ptchrnr.pl\/wp-content\/uploads\/2025\/03\/image-4-1024x980.png 1024w, https:\/\/www.ptchrnr.pl\/wp-content\/uploads\/2025\/03\/image-4-300x287.png 300w, https:\/\/www.ptchrnr.pl\/wp-content\/uploads\/2025\/03\/image-4-768x735.png 768w, https:\/\/www.ptchrnr.pl\/wp-content\/uploads\/2025\/03\/image-4-13x12.png 13w, https:\/\/www.ptchrnr.pl\/wp-content\/uploads\/2025\/03\/image-4-240x230.png 240w, https:\/\/www.ptchrnr.pl\/wp-content\/uploads\/2025\/03\/image-4.png 1200w\" sizes=\"auto, (max-width: 1024px) 100vw, 1024px\" \/><div class=\"wp-block-cover__inner-container is-layout-flow wp-block-cover-is-layout-flow\">\n<p class=\"has-text-align-center has-large-font-size\"><\/p>\n<\/div><\/div>\n\n\n\n<p><strong>Prof. Alexandru Georgescu<\/strong> <\/p>\n\n\n\n<p>Renowned authority in plastic and reconstructive surgery. Emeritus Professor at the Iuliu Ha\u021bieganu University of Medicine and Pharmacy in Cluj-Napoca. Former Secretary General of the European Federation of Societies for Microsurgery. A member of multiple international scientific surgical societies. The author of numerous scientific papers and a lecturer at prestigious scientific events and conferences.<\/p>\n<\/div><\/div>\n\n\n\n<p><\/p>\n\n\n\n<hr class=\"wp-block-separator has-alpha-channel-opacity\"\/>\n\n\n\n<div class=\"wp-block-group\"><div class=\"wp-block-group__inner-container is-layout-constrained wp-block-group-is-layout-constrained\">\n<div class=\"wp-block-cover alignleft\"><span aria-hidden=\"true\" class=\"wp-block-cover__background has-background-dim\"><\/span><img loading=\"lazy\" decoding=\"async\" width=\"400\" height=\"400\" class=\"wp-block-cover__image-background wp-image-1059\" alt=\"\" src=\"https:\/\/www.ptchrnr.pl\/wp-content\/uploads\/2025\/03\/image-8.png\" data-object-fit=\"cover\" srcset=\"https:\/\/www.ptchrnr.pl\/wp-content\/uploads\/2025\/03\/image-8.png 400w, https:\/\/www.ptchrnr.pl\/wp-content\/uploads\/2025\/03\/image-8-300x300.png 300w, https:\/\/www.ptchrnr.pl\/wp-content\/uploads\/2025\/03\/image-8-150x150.png 150w, https:\/\/www.ptchrnr.pl\/wp-content\/uploads\/2025\/03\/image-8-12x12.png 12w, https:\/\/www.ptchrnr.pl\/wp-content\/uploads\/2025\/03\/image-8-240x240.png 240w\" sizes=\"auto, (max-width: 400px) 100vw, 400px\" \/><div class=\"wp-block-cover__inner-container is-layout-flow wp-block-cover-is-layout-flow\">\n<p class=\"has-text-align-center has-large-font-size\"><\/p>\n<\/div><\/div>\n\n\n\n<p><strong>Dr Lucia Petru Jiga<\/strong><\/p>\n\n\n\n<p>Head of the Department of Plastic, Aesthetic, Reconstructive, and Hand Surgery at the University Evangelical Hospital in Oldenburg. A lecturer, distinguished European surgeon, and reconstructive microsurgeon. Scientific director and creator of the reconstructive microsurgery training program Oldenburg \u2013 Groningen Flap Course.&nbsp;<\/p>\n<\/div><\/div>\n\n\n\n<p><\/p>\n\n\n\n<p><\/p>\n\n\n\n<hr class=\"wp-block-separator has-alpha-channel-opacity\"\/>\n\n\n\n<div class=\"wp-block-group\"><div class=\"wp-block-group__inner-container is-layout-constrained wp-block-group-is-layout-constrained\">\n<div class=\"wp-block-cover alignleft\"><span aria-hidden=\"true\" class=\"wp-block-cover__background has-background-dim\"><\/span><img loading=\"lazy\" decoding=\"async\" width=\"305\" height=\"345\" class=\"wp-block-cover__image-background wp-image-1057\" alt=\"\" src=\"https:\/\/www.ptchrnr.pl\/wp-content\/uploads\/2025\/03\/image-6.png\" data-object-fit=\"cover\" srcset=\"https:\/\/www.ptchrnr.pl\/wp-content\/uploads\/2025\/03\/image-6.png 305w, https:\/\/www.ptchrnr.pl\/wp-content\/uploads\/2025\/03\/image-6-265x300.png 265w, https:\/\/www.ptchrnr.pl\/wp-content\/uploads\/2025\/03\/image-6-11x12.png 11w, https:\/\/www.ptchrnr.pl\/wp-content\/uploads\/2025\/03\/image-6-212x240.png 212w\" sizes=\"auto, (max-width: 305px) 100vw, 305px\" \/><div class=\"wp-block-cover__inner-container is-layout-flow wp-block-cover-is-layout-flow\">\n<p class=\"has-text-align-center has-large-font-size\"><\/p>\n<\/div><\/div>\n\n\n\n<p><strong>Dr Tomas Kempny<\/strong><\/p>\n\n\n\n<p>Renowned specialist in plastic surgery from Ostrava, a recognized surgeon and reconstructive microsurgeon. President of EUROMicro 2026 Prague.<\/p>\n<\/div><\/div>\n\n\n\n<p><\/p>\n\n\n\n<p><\/p>\n\n\n\n<p><\/p>\n\n\n\n<p><\/p>\n\n\n\n<p><\/p>\n\n\n\n<p><\/p>\n\n\n\n<hr class=\"wp-block-separator has-alpha-channel-opacity\"\/>\n\n\n\n<p><\/p>\n\n\n\n<p class=\"has-text-align-center\"><a href=\"https:\/\/www.ptchrnr.pl\/en\/warsztaty-mikro-i-supermikrochirgiczne-mitaka\/\"><strong>W ramach Zjazdu odb\u0119d\u0105 si\u0119 warsztaty z robotyki mikro- <\/strong><\/a><a href=\"https:\/\/www.ptchrnr.pl\/en\/warsztaty-mikrochirurgiczne-z-robotem-symani-synektik\/\"><strong>i supermikrochirurgicznej Symani<\/strong> <strong>MMI Inc. <\/strong><\/a><\/p>\n\n\n\n<p class=\"has-text-align-center\"><\/p>\n\n\n\n<hr class=\"wp-block-separator has-alpha-channel-opacity\"\/>\n\n\n\n<p><\/p>\n\n\n\n<p class=\"has-text-align-center\"><strong>Organizing Committee of the 3rd POS Congress:<\/strong><\/p>\n\n\n\n<p class=\"has-text-align-center\">Pawe\u0142&nbsp;Maleta<\/p>\n\n\n\n<p class=\"has-text-align-center\">Bartosz Ma\u0144kowski<\/p>\n\n\n\n<p class=\"has-text-align-center\">Jakub Marchewka<\/p>\n\n\n\n<p class=\"has-text-align-center\">Contact us&nbsp;<a href=\"mailto:prezes@ptchrnr.pl\">prezes@ptchrnr.pl<\/a>, kontakt@ptchrnr.pl<\/p>\n\n\n\n<p>Presentation submissions deadline:&nbsp;<strong>6 kwietnia 2025<\/strong>&nbsp;:&nbsp;<a href=\"mailto:prezes@ptchrnr.pl\">prezes@ptchrnr.pl<\/a>.<\/p>\n\n\n\n<p>Submission should include: presentation title, abstract, author names, and affiliations.<\/p>\n\n\n\n<p>Uprzejmie informujemy, \u017ce rejestracja na Zjazd jest zako\u0144czona. <\/p>\n\n\n\n<div style=\"height:100px\" aria-hidden=\"true\" class=\"wp-block-spacer\"><\/div>","protected":false},"excerpt":{"rendered":"<p>Relacja z III Zjazdu PTChRNR Szanowni Pa\u0144stwo, Drogie Kole\u017canki i Koledzy, Mamy zaszczyt zaprosi\u0107 na III Zjazd Polskiego Towarzystwa Chirurgii Rekonstrukcyjnej Narz\u0105du Ruchu \u201eOrtoplastyka\u201d, kt\u00f3ry odb\u0119dzie si\u0119 w dniach 9-10 maja 2025 roku w Zamku w Gniewie.&nbsp; Po raz kolejny spotkamy si\u0119, aby dyskutowa\u0107 nad problemami zwi\u0105zanymi z leczeniem powik\u0142anych uraz\u00f3w oraz dzieli\u0107 si\u0119 do\u015bwiadczeniem [&hellip;]<\/p>","protected":false},"author":1,"featured_media":0,"parent":0,"menu_order":0,"comment_status":"closed","ping_status":"closed","template":"","meta":{"footnotes":""},"class_list":["post-965","page","type-page","status-publish","hentry"],"_links":{"self":[{"href":"https:\/\/www.ptchrnr.pl\/en\/wp-json\/wp\/v2\/pages\/965","targetHints":{"allow":["GET"]}}],"collection":[{"href":"https:\/\/www.ptchrnr.pl\/en\/wp-json\/wp\/v2\/pages"}],"about":[{"href":"https:\/\/www.ptchrnr.pl\/en\/wp-json\/wp\/v2\/types\/page"}],"author":[{"embeddable":true,"href":"https:\/\/www.ptchrnr.pl\/en\/wp-json\/wp\/v2\/users\/1"}],"replies":[{"embeddable":true,"href":"https:\/\/www.ptchrnr.pl\/en\/wp-json\/wp\/v2\/comments?post=965"}],"version-history":[{"count":34,"href":"https:\/\/www.ptchrnr.pl\/en\/wp-json\/wp\/v2\/pages\/965\/revisions"}],"predecessor-version":[{"id":1296,"href":"https:\/\/www.ptchrnr.pl\/en\/wp-json\/wp\/v2\/pages\/965\/revisions\/1296"}],"wp:attachment":[{"href":"https:\/\/www.ptchrnr.pl\/en\/wp-json\/wp\/v2\/media?parent=965"}],"curies":[{"name":"wp","href":"https:\/\/api.w.org\/{rel}","templated":true}]}}