{"id":805,"date":"2023-01-14T07:25:48","date_gmt":"2023-01-14T06:25:48","guid":{"rendered":"https:\/\/www.ptchrnr.pl\/?page_id=805"},"modified":"2023-04-02T08:57:19","modified_gmt":"2023-04-02T07:57:19","slug":"zjazd-ortoplastyka-jakub-marchewka","status":"publish","type":"page","link":"https:\/\/www.ptchrnr.pl\/en\/zjazd-ortoplastyka-jakub-marchewka\/","title":{"rendered":"I POS Meeting 2023"},"content":{"rendered":"<p class=\"has-text-align-center\"><strong>\"Orthoplastic surgery\" 1st Meeting of the Polish Orthoplastic Society<\/strong><\/p>\n\n\n\n<p class=\"has-text-align-center\"><strong>March 10-11, 2023 Uniej\u00f3w<\/strong><\/p>\n\n\n\n<p class=\"has-text-align-center\">Congress Venue:<\/p>\n\n\n\n<p class=\"has-text-align-center\">Zamek Uniej\u00f3w i Dom Pracy Tw\u00f3rczej (Zamek Arcybiskup\u00f3w Gnie\u017anie\u0144skich)<\/p>\n\n\n\n<p class=\"has-text-align-center\">Uniej\u00f3w Castle and House of Creative Work (Castle of the Archbishops of Gniezno)<\/p>\n\n\n<div class=\"wp-block-image\">\n<figure class=\"aligncenter size-full\"><img loading=\"lazy\" decoding=\"async\" width=\"648\" height=\"471\" src=\"https:\/\/www.ptchrnr.pl\/wp-content\/uploads\/2023\/04\/image.png\" alt=\"\" class=\"wp-image-853\" srcset=\"https:\/\/www.ptchrnr.pl\/wp-content\/uploads\/2023\/04\/image.png 648w, https:\/\/www.ptchrnr.pl\/wp-content\/uploads\/2023\/04\/image-300x218.png 300w, https:\/\/www.ptchrnr.pl\/wp-content\/uploads\/2023\/04\/image-18x12.png 18w, https:\/\/www.ptchrnr.pl\/wp-content\/uploads\/2023\/04\/image-240x174.png 240w\" sizes=\"auto, (max-width: 648px) 100vw, 648px\" \/><\/figure>\n<\/div>\n\n\n<p><\/p>\n\n\n\n<p><\/p>\n\n\n\n<p><\/p>\n\n\n\n<p class=\"has-text-align-center\"><strong>Meeting programme:<\/strong><\/p>\n\n\n\n<p><strong>March 10,<\/strong><strong>&nbsp;<\/strong><strong>to&nbsp;<\/strong><strong><\/strong><\/p>\n\n\n\n<p>16.00 - 19.00 Meeting of the Board of the Polish Orthoplastic Society<\/p>\n\n\n\n<p>20.00              Social dinner&nbsp;<\/p>\n\n\n\n<p><strong>March 11, 2023&nbsp;<\/strong><strong><\/strong><\/p>\n\n\n\n<p><strong>08.25-08.30 Opening of the Congress and welcoming of participants<\/strong><\/p>\n\n\n\n<p><strong>Session 1:<em>&nbsp;Soft tissue flaps in musculoskeletal reconstruction.<\/em><\/strong><\/p>\n\n\n\n<p>8.30 \u2013 8.40 Radial forearm flap (RFF) \u2013 tips and tricks&nbsp;<\/p>\n\n\n\n<p>8.40 \u2013 8.50 Anterolateral thigh (ALT) \u2013 tips and tricks&nbsp;<\/p>\n\n\n\n<p>8.50 - 9.00 Radial flap and PIA - practical tips<\/p>\n\n\n\n<p>9.00 - 9.10 Covering defects in the spinal area&nbsp;<\/p>\n\n\n\n<p>9.10 - 9.20 Reconstructions using the omental flap&nbsp;<\/p>\n\n\n\n<p>9.20 - 9.30 Keystone a recipe for everything<\/p>\n\n\n\n<p>9.30 - 9.40 Surgical complex debridement - let's not forget that!&nbsp;<\/p>\n\n\n\n<p>9.40 \u2013 9.50 The use of indocyanine green in reconstructive surgery&nbsp;<\/p>\n\n\n\n<p>10.00 - 10.15 Discussion<\/p>\n\n\n\n<p>10.15 - 10.30 Coffee break<\/p>\n\n\n\n<p><strong>Session 2:<em>'My Nightmare Case'&nbsp;<\/em><\/strong><\/p>\n\n\n\n<p>10.30 -11.45 Presentations of experiences from various centres<\/p>\n\n\n\n<p>11.45\u00a0\u00a0\u2013 12.00\u00a0 Discussion<\/p>\n\n\n\n<p>12.00 \u2013 12.40\u00a0 Companies presentations (Ronest, Solomed, Biocomposites, Smith&amp;Nephew, Hofer)<\/p>\n\n\n\n<p>12.40 \u2013 13.00 \u00a0Coffee break<\/p>\n\n\n\n<p><strong>Session 3&nbsp;<\/strong><strong>'<\/strong><strong><em>Peri- and postoperative management in microsurgery'<\/em><\/strong><strong><\/strong><\/p>\n\n\n\n<p>13.00 - 13.10\u00a0\u00a0\u00a0Introductory lecture<\/p>\n\n\n\n<p>13.10\u00a0\u00a0\u2013 13.40\u00a0 Discussion<\/p>\n\n\n\n<p>13.40 \u2013 14.00\u00a0Current activities and plans of the Polish Ortoplastic Society<\/p>\n\n\n\n<p>14.30 &#8211; 15.00&nbsp;&nbsp;&nbsp;Lunch<\/p>\n\n\n\n<p>15.00 A meeting on replantation issues in Poland in particular children replantations.<\/p>\n\n\n\n<p class=\"has-text-align-center\"><strong>Abstract submitting:<\/strong><strong><\/strong><\/p>\n\n\n\n<p><strong>Session 1: Soft tissue flaps<\/strong><strong><\/strong><\/p>\n\n\n\n<p>Please submit the titles of presentations covering the issues of upper and lower limb reconstruction, microsurgical techniques and local flaps, post-traumatic and postneoplastic defects, reconstructive treatment of deep soft tissue and bone infections.<\/p>\n\n\n\n<p>While submitting, please provide: the title of the presentation, authors and center.<\/p>\n\n\n\n<p><strong>Session 2: 'My Nightmare Case'<\/strong><strong><\/strong><\/p>\n\n\n\n<p>Please submit presentations on the most difficult cases, cases with numerous complications, difficulties, cases with therapeutic failure or describing how to deal with complications. The aim of the session is to present cases from as many centers as possible dealing with reconstructive surgery and microsurgery.&nbsp;<\/p>\n\n\n\n<p>Estimated case presentation time \u2013 5 minutes.<\/p>\n\n\n\n<p>While submitting, please provide: the title of the presentation, authors and center.<\/p>\n\n\n\n<p>Please send abstracts by&nbsp;<strong>19.02.2023<\/strong>&nbsp;to:&nbsp;<\/p>\n\n\n\n<p class=\"has-text-align-center\"><strong>contact@ptchrnr.pl<\/strong>&nbsp;or&nbsp;<strong>ortoplastyka.pl@gmail.com<\/strong><\/p>\n\n\n\n<p><\/p>\n\n\n\n<p>Thank you for participating in the Congress!<\/p>\n\n\n\n<p><a href=\"https:\/\/www.ptchrnr.pl\/en\/news\/i-zjazd-polskiego-towarzystwa-chirurgii-rekonstrukcyjnej-narzadu-ruchu-ortoplastyka%EF%BF%BC\/\" target=\"_blank\" rel=\"noreferrer noopener\">Ist POS Meeting 2023<\/a><\/p>","protected":false},"excerpt":{"rendered":"<p>\u201eOrtoplastyka\u201d I Zjazd Polskiego Towarzystwa Chirurgii Rekonstrukcyjnej Narz\u0105du Ruchu 10 &#8211; 11 marca 2023 r. Uniej\u00f3w Miejsce obrad: Zamek Uniej\u00f3w i Dom Pracy Tw\u00f3rczej (Zamek Arcybiskup\u00f3w Gnie\u017anie\u0144skich) Ul. Zamkowa 2, 99-210 Uniej\u00f3w Program Zjazdu: 10 marca 2023&nbsp;r.&nbsp; 16.00 &#8211; 19.00&nbsp;Spotkanie Zarz\u0105du Polskiego Towarzystwa Chirurgii Rekonstrukcyjnej Narz\u0105du Ruchu 20.00&nbsp;&nbsp;&nbsp;&nbsp;&nbsp;&nbsp;&nbsp;&nbsp;&nbsp;&nbsp;&nbsp;&nbsp;&nbsp;&nbsp;Kolacja towarzyska&nbsp; 11 marca 2023 r.&nbsp; 08.25-08.30 Otwarcie [&hellip;]<\/p>","protected":false},"author":1,"featured_media":0,"parent":0,"menu_order":0,"comment_status":"closed","ping_status":"closed","template":"","meta":{"footnotes":""},"class_list":["post-805","page","type-page","status-publish","hentry"],"_links":{"self":[{"href":"https:\/\/www.ptchrnr.pl\/en\/wp-json\/wp\/v2\/pages\/805","targetHints":{"allow":["GET"]}}],"collection":[{"href":"https:\/\/www.ptchrnr.pl\/en\/wp-json\/wp\/v2\/pages"}],"about":[{"href":"https:\/\/www.ptchrnr.pl\/en\/wp-json\/wp\/v2\/types\/page"}],"author":[{"embeddable":true,"href":"https:\/\/www.ptchrnr.pl\/en\/wp-json\/wp\/v2\/users\/1"}],"replies":[{"embeddable":true,"href":"https:\/\/www.ptchrnr.pl\/en\/wp-json\/wp\/v2\/comments?post=805"}],"version-history":[{"count":20,"href":"https:\/\/www.ptchrnr.pl\/en\/wp-json\/wp\/v2\/pages\/805\/revisions"}],"predecessor-version":[{"id":855,"href":"https:\/\/www.ptchrnr.pl\/en\/wp-json\/wp\/v2\/pages\/805\/revisions\/855"}],"wp:attachment":[{"href":"https:\/\/www.ptchrnr.pl\/en\/wp-json\/wp\/v2\/media?parent=805"}],"curies":[{"name":"wp","href":"https:\/\/api.w.org\/{rel}","templated":true}]}}