{"id":532,"date":"2022-08-17T23:10:53","date_gmt":"2022-08-17T22:10:53","guid":{"rendered":"http:\/\/www.ptchrnr.pl\/?page_id=532"},"modified":"2022-11-07T17:02:35","modified_gmt":"2022-11-07T16:02:35","slug":"cele-towarzystwa","status":"publish","type":"page","link":"https:\/\/www.ptchrnr.pl\/en\/cele-towarzystwa\/","title":{"rendered":"Goals of Polish Orthoplastic Society"},"content":{"rendered":"<ol class=\"wp-block-list\" type=\"1\"><li>Association of doctors interested in the reconstruction of complex tissue defects, especially using microsurgical techniques, improving their knowledge and qualifications,<\/li><li>Cooperation in the process of training members of the Society,<\/li><li>Cooperation with public and non-public institutions in the field of solving health and organizational problems related to complex tissue reconstruction especially concerning musculoskeletal system,<\/li><li>Striving to establish in Poland reference centers specializing in reconstructive surgery of the musculoskeletal system, especially in the reconstruction of complex tissue defects, especially with the use of microsurgical techniques,<\/li><li>Inspiring the publishing movement in the field of tissue reconstruction,<\/li><li>Promoting knowledge about possibilities of reconstructive and orthoplastic surgery among various medical specialties,<\/li><li>Cooperation with other associations and institutions in the field of medicine in solving interdisciplinary issues,<\/li><li>Cooperation with foreign medical associations with similar goals.<\/li><\/ol>","protected":false},"excerpt":{"rendered":"<p>D\u0105\u017cenie do zrzeszenia lekarzy zainteresowanych rekonstrukcj\u0105 ubytk\u00f3w tkankowych zw\u0142aszcza za pomoc\u0105 technik mikrochirurgicznych oraz podnoszenie ich wiedzy i kwalifikacji, Wsp\u00f3\u0142dzia\u0142anie w procesie dokszta\u0142cania cz\u0142onk\u00f3w Towarzystwa w porozumieniu z odpowiednimi instytucjami i w\u0142adzami, Wsp\u00f3\u0142praca z instytucjami w zakresie rozwi\u0105zywania problem\u00f3w zdrowotnych, organizacyjnych zwi\u0105zanych z rekonstrukcjami tkanek w zakresie narz\u0105du ruchu, D\u0105\u017cenie do powo\u0142ywania o\u015brodk\u00f3w referencyjnych specjalizuj\u0105cych [&hellip;]<\/p>","protected":false},"author":1,"featured_media":0,"parent":0,"menu_order":0,"comment_status":"closed","ping_status":"closed","template":"","meta":{"footnotes":""},"class_list":["post-532","page","type-page","status-publish","hentry"],"_links":{"self":[{"href":"https:\/\/www.ptchrnr.pl\/en\/wp-json\/wp\/v2\/pages\/532","targetHints":{"allow":["GET"]}}],"collection":[{"href":"https:\/\/www.ptchrnr.pl\/en\/wp-json\/wp\/v2\/pages"}],"about":[{"href":"https:\/\/www.ptchrnr.pl\/en\/wp-json\/wp\/v2\/types\/page"}],"author":[{"embeddable":true,"href":"https:\/\/www.ptchrnr.pl\/en\/wp-json\/wp\/v2\/users\/1"}],"replies":[{"embeddable":true,"href":"https:\/\/www.ptchrnr.pl\/en\/wp-json\/wp\/v2\/comments?post=532"}],"version-history":[{"count":3,"href":"https:\/\/www.ptchrnr.pl\/en\/wp-json\/wp\/v2\/pages\/532\/revisions"}],"predecessor-version":[{"id":575,"href":"https:\/\/www.ptchrnr.pl\/en\/wp-json\/wp\/v2\/pages\/532\/revisions\/575"}],"wp:attachment":[{"href":"https:\/\/www.ptchrnr.pl\/en\/wp-json\/wp\/v2\/media?parent=532"}],"curies":[{"name":"wp","href":"https:\/\/api.w.org\/{rel}","templated":true}]}}