{"id":32,"date":"2017-05-24T17:27:19","date_gmt":"2017-05-24T16:27:19","guid":{"rendered":"http:\/\/localhost\/medical-way-plus\/?page_id=32"},"modified":"2025-02-28T09:51:58","modified_gmt":"2025-02-28T08:51:58","slug":"jak-zostac-czlonkiem","status":"publish","type":"page","link":"https:\/\/www.ptchrnr.pl\/en\/jak-zostac-czlonkiem\/","title":{"rendered":"Become a Member"},"content":{"rendered":"<p style=\"font-weight: 400; text-align: left;\">According to the Society's Statute, POS member may be a practicing physician, either a specialist or in the course of specialization in orthopedics, surgery, pediatric surgery or other specialization, after expressing the will to cooperate in achieving the objectives of the Society, in written declaration.<\/p>\n<p style=\"font-weight: 400;\">Candidate obtains support from <strong>two<\/strong> current members of the Society from <strong>different<\/strong> centers.<\/p>\n<p style=\"font-weight: 400;\">The Management Board of the Society adopts a resolution on admission to the Society within 3 months from the date of submitting the declaration.<\/p>\n<p><span class=\"\">The initial membership fee POS is 250 PLN per year,<\/span>, natomiast <span class=\"\">while the subsequent annual membership fee is 200 PLN<\/span>\u00a0or each\u00a0<span class=\"\">roku<\/span> kalendarzowym.<\/p>\n<p><a class=\"button\" style=\"margin-top: 5px;\" href=\"http:\/\/www.ptchrnr.pl\/wp-content\/uploads\/2022\/10\/DEKLARACJA-CZLONKOWSKA.pdf&quot;\" target=\"_blank\" rel=\"noopener\"><i class=\"fa fa-file-pdf-o\"><\/i> Membership declaration<\/a><\/p>\n\n\n<p><\/p>","protected":false},"excerpt":{"rendered":"<p>Zgodnie z zapisami Statutu Towarzystwa Cz\u0142onkiem zwyczajnym mo\u017ce by\u0107 lekarz, posiadaj\u0105cy prawo wykonywania zawodu lekarza w\u00a0Polsce, specjalista lub w trakcie specjalizacji z ortopedii, chirurgii, chirurgii dzieci\u0119cej lub innej specjalizacji, po wyra\u017ceniu woli wsp\u00f3\u0142dzia\u0142ania w realizacji cel\u00f3w Towarzystwa w pisemnej deklaracji i przyj\u0119ciu przez Zarz\u0105d Towarzystwa. Warunkiem przyj\u0119cia kandydata w poczet cz\u0142onk\u00f3w Towarzystwa jest uzyskanie przez [&hellip;]<\/p>","protected":false},"author":1,"featured_media":641,"parent":0,"menu_order":0,"comment_status":"closed","ping_status":"closed","template":"templates\/departments.php","meta":{"footnotes":""},"class_list":["post-32","page","type-page","status-publish","has-post-thumbnail","hentry"],"_links":{"self":[{"href":"https:\/\/www.ptchrnr.pl\/en\/wp-json\/wp\/v2\/pages\/32","targetHints":{"allow":["GET"]}}],"collection":[{"href":"https:\/\/www.ptchrnr.pl\/en\/wp-json\/wp\/v2\/pages"}],"about":[{"href":"https:\/\/www.ptchrnr.pl\/en\/wp-json\/wp\/v2\/types\/page"}],"author":[{"embeddable":true,"href":"https:\/\/www.ptchrnr.pl\/en\/wp-json\/wp\/v2\/users\/1"}],"replies":[{"embeddable":true,"href":"https:\/\/www.ptchrnr.pl\/en\/wp-json\/wp\/v2\/comments?post=32"}],"version-history":[{"count":10,"href":"https:\/\/www.ptchrnr.pl\/en\/wp-json\/wp\/v2\/pages\/32\/revisions"}],"predecessor-version":[{"id":1036,"href":"https:\/\/www.ptchrnr.pl\/en\/wp-json\/wp\/v2\/pages\/32\/revisions\/1036"}],"wp:featuredmedia":[{"embeddable":true,"href":"https:\/\/www.ptchrnr.pl\/en\/wp-json\/wp\/v2\/media\/641"}],"wp:attachment":[{"href":"https:\/\/www.ptchrnr.pl\/en\/wp-json\/wp\/v2\/media?parent=32"}],"curies":[{"name":"wp","href":"https:\/\/api.w.org\/{rel}","templated":true}]}}