{"id":29,"date":"2017-05-24T17:25:03","date_gmt":"2017-05-24T17:25:03","guid":{"rendered":"http:\/\/localhost\/medical-way-plus\/?page_id=29"},"modified":"2022-08-17T22:52:28","modified_gmt":"2022-08-17T21:52:28","slug":"statut","status":"publish","type":"page","link":"https:\/\/www.ptchrnr.pl\/en\/statut\/","title":{"rendered":"Statute of the Polish Orthoplastic Society (POS)"},"content":{"rendered":"<p><strong>The Polish Orthoplastic Society (POS) was established in order to promote and develop orthoplastic surgery in Poland as a comprehensive and effective treatment philosophy.&nbsp;<\/strong><\/p>\n<p>The foundations and statutes of the Society can be found below:<br><a class=\"button\" href=\"http:\/\/www.ptchrnr.pl\/wp-content\/uploads\/2022\/08\/STATUT-PTChRNR.pdf\" style=\"margin-top: 5px;\" target=\"_blank\" rel=\"noopener\"><i class=\"fa fa-file-pdf-o\"><\/i> Statute<\/a><\/p><p><\/p>\n\n\n<p><br><br><\/p>","protected":false},"excerpt":{"rendered":"<p>Polskie Towarzystwo Chirurgii Rekonstrukcyjnej Narz\u0105du Ruchu powsta\u0142o w celu rozwoju&nbsp;ortoplastyki w Polsce jako kompleksowej i skutecznej filozofii leczenia.&nbsp; Za\u0142o\u017cenia i statut Towarzystwa znajdziesz poni\u017cej: Statut<\/p>","protected":false},"author":1,"featured_media":0,"parent":0,"menu_order":0,"comment_status":"closed","ping_status":"closed","template":"","meta":{"footnotes":""},"class_list":["post-29","page","type-page","status-publish","hentry"],"_links":{"self":[{"href":"https:\/\/www.ptchrnr.pl\/en\/wp-json\/wp\/v2\/pages\/29","targetHints":{"allow":["GET"]}}],"collection":[{"href":"https:\/\/www.ptchrnr.pl\/en\/wp-json\/wp\/v2\/pages"}],"about":[{"href":"https:\/\/www.ptchrnr.pl\/en\/wp-json\/wp\/v2\/types\/page"}],"author":[{"embeddable":true,"href":"https:\/\/www.ptchrnr.pl\/en\/wp-json\/wp\/v2\/users\/1"}],"replies":[{"embeddable":true,"href":"https:\/\/www.ptchrnr.pl\/en\/wp-json\/wp\/v2\/comments?post=29"}],"version-history":[{"count":11,"href":"https:\/\/www.ptchrnr.pl\/en\/wp-json\/wp\/v2\/pages\/29\/revisions"}],"predecessor-version":[{"id":636,"href":"https:\/\/www.ptchrnr.pl\/en\/wp-json\/wp\/v2\/pages\/29\/revisions\/636"}],"wp:attachment":[{"href":"https:\/\/www.ptchrnr.pl\/en\/wp-json\/wp\/v2\/media?parent=29"}],"curies":[{"name":"wp","href":"https:\/\/api.w.org\/{rel}","templated":true}]}}