{"id":2,"date":"2022-07-07T12:35:43","date_gmt":"2022-07-07T12:35:43","guid":{"rendered":"http:\/\/www.ptchrnr.pl\/?page_id=2"},"modified":"2022-11-07T16:36:30","modified_gmt":"2022-11-07T15:36:30","slug":"o-nas","status":"publish","type":"page","link":"https:\/\/www.ptchrnr.pl\/en\/o-nas\/","title":{"rendered":"About Us"},"content":{"rendered":"<p><strong>Polish Orthoplastic Society&nbsp;<\/strong><\/p>\n\n\n\n<p>The Polish Orthoplastic Society (POS) unites specialists representing the leading national centers dealing with complex reconstructions of multi-tissue musculoskeletal defects, especially with the use of microsurgical techniques.&nbsp;<\/p>\n\n\n\n<p>Celem Towarzystwa jest integracja spo\u0142eczno\u015bci lekarskiej prowadz\u0105cej leczenie rekonstrukcyjne na rzecz wsp\u00f3lnego dzia\u0142ania w zakresie rozwi\u0105zywania problem\u00f3w zdrowotnych, organizacyjnych zwi\u0105zanych z rekonstrukcjami tkanek narz\u0105du ruchu.<\/p>\n\n\n\n<p>PTChRNR dysponuje unikatowym zasobem wiedzy i do\u015bwiadczenia nie tylko w zakresie medycznych aspekt\u00f3w przeprowadzania skomplikowanego, leczenia rekonstrukcyjnego narz\u0105du ruchu, ale tak\u017ce w&nbsp;zakresie rozwi\u0105za\u0144 organizacyjnych, strukturalnych i systemowych.<\/p>\n\n\n\n<p>Towarzystwo prowadzi dzia\u0142alno\u015b\u0107 edukacyjn\u0105, spo\u0142eczn\u0105 oraz reprezentuje zrzeszonych lekarzy w&nbsp;mi\u0119dzynarodowych gremiach o podobnych celach.<\/p>","protected":false},"excerpt":{"rendered":"<p>Polskie Towarzystwo Chirurgii Rekonstrukcyjnej Narz\u0105du Ruchu&nbsp; Polskie Towarzystwo Chirurgii Rekonstrukcyjnej Narz\u0105du Ruchu (PTChRNR) zrzesza grono lekarzy specjalist\u00f3w reprezentuj\u0105cych wiod\u0105ce krajowe O\u015brodki zajmuj\u0105ce si\u0119 skomplikowanymi rekonstrukcjami wielotkankowych ubytk\u00f3w narz\u0105du ruchu, zw\u0142aszcza za pomoc\u0105 technik mikrochirurgicznych.&nbsp; Celem Towarzystwa jest integracja spo\u0142eczno\u015bci lekarskiej prowadz\u0105cej leczenie rekonstrukcyjne na rzecz wsp\u00f3lnego dzia\u0142ania w zakresie rozwi\u0105zywania problem\u00f3w zdrowotnych, organizacyjnych zwi\u0105zanych z [&hellip;]<\/p>","protected":false},"author":1,"featured_media":0,"parent":0,"menu_order":0,"comment_status":"closed","ping_status":"open","template":"","meta":{"footnotes":""},"class_list":["post-2","page","type-page","status-publish","hentry"],"_links":{"self":[{"href":"https:\/\/www.ptchrnr.pl\/en\/wp-json\/wp\/v2\/pages\/2","targetHints":{"allow":["GET"]}}],"collection":[{"href":"https:\/\/www.ptchrnr.pl\/en\/wp-json\/wp\/v2\/pages"}],"about":[{"href":"https:\/\/www.ptchrnr.pl\/en\/wp-json\/wp\/v2\/types\/page"}],"author":[{"embeddable":true,"href":"https:\/\/www.ptchrnr.pl\/en\/wp-json\/wp\/v2\/users\/1"}],"replies":[{"embeddable":true,"href":"https:\/\/www.ptchrnr.pl\/en\/wp-json\/wp\/v2\/comments?post=2"}],"version-history":[{"count":2,"href":"https:\/\/www.ptchrnr.pl\/en\/wp-json\/wp\/v2\/pages\/2\/revisions"}],"predecessor-version":[{"id":751,"href":"https:\/\/www.ptchrnr.pl\/en\/wp-json\/wp\/v2\/pages\/2\/revisions\/751"}],"wp:attachment":[{"href":"https:\/\/www.ptchrnr.pl\/en\/wp-json\/wp\/v2\/media?parent=2"}],"curies":[{"name":"wp","href":"https:\/\/api.w.org\/{rel}","templated":true}]}}