{"id":18,"date":"2017-05-24T17:17:44","date_gmt":"2017-05-24T16:17:44","guid":{"rendered":"http:\/\/localhost\/medical-way-plus\/?page_id=18"},"modified":"2022-11-07T16:42:23","modified_gmt":"2022-11-07T15:42:23","slug":"chirurgia-rekonstrukcyjna","status":"publish","type":"page","link":"https:\/\/www.ptchrnr.pl\/en\/chirurgia-rekonstrukcyjna\/","title":{"rendered":"Reconstructive surgery"},"content":{"rendered":"<p><i class=\"fa fa-check\"><\/i> the optimal form of treatment that gives the best functional and aesthetic results<\/p>\n\n<p><i class=\"fa fa-check\"><\/i> fast and effective recovery<\/p>\n\n<p><i class=\"fa fa-check\"><\/i> prevention of disability<\/p>\n\n\n\n<h3 class=\"services-info-title\" style=\"padding-top:15px\">Goals of Polish Orthoplastic Society<\/h3>\n\n\n\n<ol class=\"wp-block-list\" type=\"1\" style=\"font-size: 18px;\"><li>Association of doctors interested in the reconstruction of complex tissue defects, especially using microsurgical techniques, improving their knowledge and qualifications,<\/li><li>Cooperation in the process of training members of the Society,<\/li><\/ol>\n\n\n\n<p><a href=\"http:\/\/www.ptchrnr.pl\/en\/cele-towarzystwa\/\" class=\"button\">Full list<\/a><\/p>","protected":false},"excerpt":{"rendered":"<p>optymalna forma leczenia daj\u0105ca najlepszy wynik czynno\u015bciowy i estetyczny szybki powr\u00f3t do sprawno\u015bci ograniczenie kalectwa Cele Polskiego Towarzystwa Chirurgii Rekonstrukcyjnej Narz\u0105du Ruchu D\u0105\u017cenie do zrzeszenia lekarzy zainteresowanych rekonstrukcj\u0105 ubytk\u00f3w tkankowych zw\u0142aszcza za pomoc\u0105 technik mikrochirurgicznych oraz podnoszenie ich wiedzy i kwalifikacji, Wsp\u00f3\u0142dzia\u0142anie w procesie dokszta\u0142cania cz\u0142onk\u00f3w Towarzystwa w porozumieniu z odpowiednimi instytucjami i w\u0142adzami, Lista [&hellip;]<\/p>","protected":false},"author":1,"featured_media":0,"parent":0,"menu_order":0,"comment_status":"closed","ping_status":"closed","template":"templates\/services.php","meta":{"footnotes":""},"class_list":["post-18","page","type-page","status-publish","hentry"],"_links":{"self":[{"href":"https:\/\/www.ptchrnr.pl\/en\/wp-json\/wp\/v2\/pages\/18","targetHints":{"allow":["GET"]}}],"collection":[{"href":"https:\/\/www.ptchrnr.pl\/en\/wp-json\/wp\/v2\/pages"}],"about":[{"href":"https:\/\/www.ptchrnr.pl\/en\/wp-json\/wp\/v2\/types\/page"}],"author":[{"embeddable":true,"href":"https:\/\/www.ptchrnr.pl\/en\/wp-json\/wp\/v2\/users\/1"}],"replies":[{"embeddable":true,"href":"https:\/\/www.ptchrnr.pl\/en\/wp-json\/wp\/v2\/comments?post=18"}],"version-history":[{"count":18,"href":"https:\/\/www.ptchrnr.pl\/en\/wp-json\/wp\/v2\/pages\/18\/revisions"}],"predecessor-version":[{"id":554,"href":"https:\/\/www.ptchrnr.pl\/en\/wp-json\/wp\/v2\/pages\/18\/revisions\/554"}],"wp:attachment":[{"href":"https:\/\/www.ptchrnr.pl\/en\/wp-json\/wp\/v2\/media?parent=18"}],"curies":[{"name":"wp","href":"https:\/\/api.w.org\/{rel}","templated":true}]}}