{"id":1320,"date":"2025-12-31T08:18:18","date_gmt":"2025-12-31T07:18:18","guid":{"rendered":"https:\/\/www.ptchrnr.pl\/?page_id=1320"},"modified":"2026-04-17T09:13:22","modified_gmt":"2026-04-17T08:13:22","slug":"iv-zjazd-ptchrnr-2026","status":"publish","type":"page","link":"https:\/\/www.ptchrnr.pl\/en\/iv-zjazd-ptchrnr-2026\/","title":{"rendered":"IV Polish Orthoplastic Society Meeting 2026"},"content":{"rendered":"<p><strong>Dear Sir or Madam,&nbsp;<\/strong><\/p>\n\n\n\n<p><strong>Dear Colleagues,<\/strong><\/p>\n\n\n\n<p>We are honored to invite you to participate in the 4th Scientific and Training Congress of the Polish Orthoplastic Society \u201cOrthoplastic Surgery,\u201d which will take place on May 15\u201316, 2026, in Krak\u00f3w, Poland.<\/p>\n\n\n\n<p>Once again, we will meet to discuss issues related to the treatment of complicated injuries and to share experience in reconstructive techniques. The Congress program includes both scientific and training components, focusing on key topics in contemporary orthoplastic surgery and reconstructive surgery. The agenda will feature sessions devoted to the fundamentals of microsurgery, reconstructive surgery in osteomyelitis and periprosthetic infections, reconstructive foot surgery, bioengineering in reconstructive surgery, as well as a joint anesthesiology session. An integral part of the Congress will also be free paper sessions, enabling participants to present their own clinical experience.<\/p>\n\n\n\n<p>The Congress provides a forum for the exchange of knowledge and experience among representatives of many medical specialties involved in the treatment of patients with complex and complicated clinical problems.<\/p>\n\n\n\n<p>We warmly invite all those interested in orthoplastic and reconstructive surgery to actively participate in the 4th Congress of the Polish Orthoplastic Society \u201cOrthoplastic Surgery.\u201d<\/p>\n\n\n\n<p><\/p>\n\n\n\n<p><\/p>\n\n\n\n<p class=\"has-text-align-center\"><strong>\u201cOrthoplastic surgery\u201d 4th Scientific and Training Congress of&nbsp;<\/strong><\/p>\n\n\n\n<p class=\"has-text-align-center\"><strong>Polish Orthoplastic Society<\/strong><\/p>\n\n\n\n<p class=\"has-text-align-center\"><strong>May 15\u201316, 2026, Krak\u00f3w<\/strong><\/p>\n\n\n\n<p class=\"has-text-align-center\"><strong>Congress Venue:<\/strong><\/p>\n\n\n\n<p class=\"has-text-align-center\"><strong>Forest Hotel<\/strong><\/p>\n\n\n\n<p class=\"has-text-align-center\"><strong>Jod\u0142owa 13, 30-251 Krak\u00f3w<\/strong><\/p>\n\n\n\n<p><\/p>\n\n\n\n<p class=\"has-text-align-center\"><strong>Congress Program<\/strong><strong><\/strong><\/p>\n\n\n\n<p><strong>14 maja 2026&nbsp;r. (czwartek)<\/strong><\/p>\n\n\n\n<p class=\"has-text-align-center\"><strong>Social dinner for POS Members and invited Guests \u2013 Zinar Castle<\/strong><\/p>\n\n\n\n<p><strong>15 maja 2026 r. (pi\u0105tek)<\/strong><\/p>\n\n\n\n<p class=\"has-text-align-center\"><strong>General Reporting and Electoral Meeting of POS Members&nbsp;<\/strong><\/p>\n\n\n\n<p><\/p>\n\n\n\n<p class=\"has-text-align-center\"><strong>&nbsp;&nbsp;&nbsp;                             Opening of the 4th POS Congress<\/strong><\/p>\n\n\n\n<p class=\"has-text-align-left\"><strong>Session 1 \u2013 Fundamentals of Microsurgery<\/strong><\/p>\n\n\n\n<p><strong>Session 2 \u2013 Reconstructive surgery in osteomyelitis and periprosthetic infections<\/strong><\/p>\n\n\n\n<p><strong>Session 3 \u2013 Free topics<\/strong><\/p>\n\n\n\n<p class=\"has-text-align-center\"><strong>&nbsp;&nbsp;Social dinner for Participants of the 4th POS Congress \u2013 Zinar Castle<\/strong><\/p>\n\n\n\n<p><\/p>\n\n\n\n<p><strong>May 16, 2026 (Saturday)<\/strong><strong><\/strong><\/p>\n\n\n\n<p><strong>Sesja 4&nbsp;&nbsp;&nbsp;&nbsp;&nbsp;&nbsp;&nbsp;&nbsp;&nbsp;&nbsp;&nbsp;&nbsp;&nbsp;&nbsp;&nbsp;&nbsp;&nbsp;&nbsp;&nbsp;Sesja anestezjologiczna<\/strong><\/p>\n\n\n\n<p><strong>Session 5 \u2013 Reconstructive foot surgery<\/strong><\/p>\n\n\n\n<p><strong>Session 6 \u2013 Bioengineering in reconstructive surgery<\/strong><\/p>\n\n\n\n<p class=\"has-text-align-center\"><strong>&nbsp;&nbsp;&nbsp;&nbsp;Closing of the 4th POS Congress&nbsp;<\/strong><\/p>\n\n\n\n<p><\/p>\n\n\n\n<p class=\"has-text-align-center\"><strong>Organizing Committee of the 4th POS Congress<\/strong><\/p>\n\n\n\n<p class=\"has-text-align-center\">Pawe\u0142&nbsp;Maleta<\/p>\n\n\n\n<p class=\"has-text-align-center\">Bartosz Ma\u0144kowski<\/p>\n\n\n\n<p class=\"has-text-align-center\">Jakub Marchewka<\/p>\n\n\n\n<p class=\"has-text-align-center\">Contact us&nbsp;<a href=\"mailto:prezes@ptchrnr.pl\">prezes@ptchrnr.pl<\/a>, kontakt@ptchrnr.pl<\/p>\n\n\n\n<p class=\"has-text-align-center\">Presentation submissions deadline:&nbsp;<strong>by April 12, 2026<\/strong>&nbsp;<strong>to <\/strong>:&nbsp;<a href=\"mailto:prezes@ptchrnr.pl\">prezes@ptchrnr.pl<\/a><\/p>\n\n\n\n<p class=\"has-text-align-center\">Submission should include: presentation title, abstract, author names, and affiliations.<\/p>\n\n\n\n<p><\/p>\n\n\n\n<hr class=\"wp-block-separator has-alpha-channel-opacity\"\/>\n\n\n\n<p><strong>Participation Fees:<\/strong><\/p>\n\n\n\n<ul class=\"wp-block-list\">\n<li>Cz\u0142onkowie PTChRNR bior\u0105cy aktywny udzia\u0142 (autorzy prezentuj\u0105cy prace w trakcie Zjazdu) \u2013 0 PLN<\/li>\n\n\n\n<li>Cz\u0142onkowie PTChRNR nie b\u0119d\u0105cy autorami prezentuj\u0105cymi prace w trakcie Zjazdu \u2013 800 PLN<\/li>\n\n\n\n<li>Uczestnicy nie b\u0119d\u0105cy cz\u0142onkami PTChRNR \u2013 1050 PLN<\/li>\n\n\n\n<li>Przedstawiciele firm chc\u0105cy uczestniczy\u0107 we wsp\u00f3lnych kolacjach i lunch\u2019ach z uczestnikami IV Zjazdu \u2013 1050 PLN<\/li>\n<\/ul>\n\n\n\n<p>W przypadku rezygnacji z udzia\u0142u po dokonaniu wp\u0142aty, op\u0142ata w pe\u0142nej wysoko\u015bci zostanie zwr\u00f3cona wy\u0142\u0105cznie w przypadku powiadomienia o rezygnacji do dnia&nbsp;19 kwietnia 2026 r.&nbsp;<\/p>\n\n\n\n<p>Op\u0142aty dla os\u00f3b towarzysz\u0105cych chc\u0105cych uczestniczy\u0107 we wsp\u00f3lnych kolacjach i lunch\u2019ach \u2013 1050PLN.<br>(Organizator niniejszym o\u015bwiadcza, \u017ce udzia\u0142 os\u00f3b towarzysz\u0105cych nie zostanie sfinansowany ze \u015brodk\u00f3w pochodz\u0105cych od firm cz\u0142onkowskich Izby POLMED lub MedTech Polska.)<\/p>\n\n\n\n<p><strong>Participation fees do not include accommodation.&nbsp;<\/strong><\/p>\n\n\n\n<p>Ch\u0119\u0107 uczestnictwa w IV Zje\u017adzie prosz\u0119 zg\u0142asza\u0107 na adres mailowy:&nbsp;<a href=\"mailto:prezes@ptchrnr.pl\">prezes@ptchrnr.pl<\/a>&nbsp;or&nbsp;<a href=\"mailto:kontakt@ptchrnr.pl\">contact@ptchrnr.pl<\/a><\/p>\n\n\n\n<p><strong>Payment Details:<\/strong><\/p>\n\n\n\n<p>Bank: Mbank \nAccount number: PL37 1140 2004 0000 3602 8217 3470<\/p>\n\n\n\n<p>Tytu\u0142 przelewu: \u201eIV Zjazd \u2013 Imi\u0119 i nazwisko uczestnika\u201d<\/p>\n\n\n\n<p><strong>General Assembly of Polish Orthoplastic Society Members<\/strong><\/p>\n\n\n\n<p>W dniu&nbsp;<strong>15 maja 2026 o godz. 8:15 w Auli Forest Hotel<\/strong>&nbsp;odb\u0119dzie si\u0119&nbsp;<strong>Walne Zebranie Sprawozdawczo-Wyborcze&nbsp;<\/strong>Cz\u0142onk\u00f3w Polskiego Towarzystwa Chirurgii Rekonstrukcyjnej Narz\u0105du Ruchu. G\u0142\u00f3wnym tematem zebrania b\u0119dzie podsumowanie roku 2025, wybory nowego Zarz\u0105du oraz wyb\u00f3r kolejnego miejsca i terminu Zjazdu.<\/p>\n\n\n\n<hr class=\"wp-block-separator has-alpha-channel-opacity\"\/>\n\n\n\n<p class=\"has-text-align-center\"><strong>Workshops<\/strong><\/p>\n\n\n\n<p>During the 4th Congress of the Polish Orthoplastic Society, participants will have the opportunity to attend microsurgical suturing workshops, utilizing Mitaka microscopes and the state-of-the-art Symani robotic system.<\/p>\n\n\n\n<hr class=\"wp-block-separator has-alpha-channel-opacity\"\/>\n\n\n\n<p class=\"has-text-align-center\"><strong>International guests<\/strong><\/p>\n\n\n<div class=\"wp-block-image\">\n<figure class=\"aligncenter size-full\"><img loading=\"lazy\" decoding=\"async\" width=\"212\" height=\"237\" src=\"https:\/\/www.ptchrnr.pl\/wp-content\/uploads\/2026\/04\/image.jpeg\" alt=\"\" class=\"wp-image-1362\" srcset=\"https:\/\/www.ptchrnr.pl\/wp-content\/uploads\/2026\/04\/image.jpeg 212w, https:\/\/www.ptchrnr.pl\/wp-content\/uploads\/2026\/04\/image-11x12.jpeg 11w\" sizes=\"auto, (max-width: 212px) 100vw, 212px\" \/><\/figure>\n<\/div>\n\n\n<p class=\"has-text-align-center\"><strong>Prof. Marco Innocenti<\/strong>,<em>&nbsp;Italy<\/em><\/p>\n\n\n\n<p>Head of the Orthoplastic Department at the Istituto Ortopedico Rizzoli in Bologna<\/p>\n\n\n\n<p>Professor Marco Innocenti is a world-renowned specialist in plastic, reconstructive, and microsurgery. He currently serves as the Head of the Orthoplastic Department at the prestigious Rizzoli Orthopaedic Institute in Bologna, where he leads one of the most advanced limb reconstruction centers in the world.<\/p>\n\n\n\n<p>A pioneer in the use of perforator flap techniques, Prof. Innocenti is a distinguished authority in the reconstructive microsurgery of the musculoskeletal system, as well as the head and neck. As a Past President of the Italian Society of Microsurgery (SIM) and the author of hundreds of scientific publications, he continues to define global standards in orthoplastics.<\/p>\n\n\n<div class=\"wp-block-image\">\n<figure class=\"aligncenter size-full is-resized\"><img loading=\"lazy\" decoding=\"async\" width=\"150\" height=\"199\" src=\"https:\/\/www.ptchrnr.pl\/wp-content\/uploads\/2026\/04\/image-1.jpeg\" alt=\"\" class=\"wp-image-1363\" style=\"width:201px;height:auto\" srcset=\"https:\/\/www.ptchrnr.pl\/wp-content\/uploads\/2026\/04\/image-1.jpeg 150w, https:\/\/www.ptchrnr.pl\/wp-content\/uploads\/2026\/04\/image-1-9x12.jpeg 9w\" sizes=\"auto, (max-width: 150px) 100vw, 150px\" \/><\/figure>\n<\/div>\n\n\n<p class=\"has-text-align-center\"><strong>Prof. Pierluigi Tos<\/strong><em>, Italy<\/em><\/p>\n\n\n\n<p>Professor Pierluigi Tos is an internationally renowned expert in hand surgery and microsurgery. Since 2016, he has served as the Director of the Complex Operative Unit of Hand Surgery and Reconstructive Microsurgery at ASST G. Pini - CTO in Milan.<\/p>\n\n\n\n<p>Prior to his current role, Prof. Tos was the head of the Microsurgery Unit at the CTO Hospital in Turin from 2009 to 2016. He is a Past President of the Italian Society of Microsurgery and serves as the Coordinator of GIMETRA (Italian Group of Microsurgery and Reconstructive Techniques), a superspecialized society within the SIOT (Italian Society of Orthopedics).<\/p>\n\n\n<div class=\"wp-block-image\">\n<figure class=\"aligncenter size-full is-resized\"><img loading=\"lazy\" decoding=\"async\" width=\"753\" height=\"719\" src=\"https:\/\/www.ptchrnr.pl\/wp-content\/uploads\/2026\/04\/image-2.jpeg\" alt=\"\" class=\"wp-image-1365\" style=\"width:235px;height:auto\" srcset=\"https:\/\/www.ptchrnr.pl\/wp-content\/uploads\/2026\/04\/image-2.jpeg 753w, https:\/\/www.ptchrnr.pl\/wp-content\/uploads\/2026\/04\/image-2-300x286.jpeg 300w, https:\/\/www.ptchrnr.pl\/wp-content\/uploads\/2026\/04\/image-2-13x12.jpeg 13w, https:\/\/www.ptchrnr.pl\/wp-content\/uploads\/2026\/04\/image-2-240x229.jpeg 240w\" sizes=\"auto, (max-width: 753px) 100vw, 753px\" \/><\/figure>\n<\/div>\n\n\n<p class=\"has-text-align-center\"><strong>Prof. Alexandru Georgescu<\/strong><em>, Romania<\/em><\/p>\n\n\n\n<p>A distinguished authority in plastic, aesthetic, and reconstructive microsurgery, and a Professor at the Iuliu Ha\u021bieganu University of Medicine and Pharmacy. He is an active member of numerous international scientific societies and the author of many innovative research papers. As a highly regarded speaker, he frequently shares his expertise in advanced surgical techniques at major global conferences.<\/p>\n\n\n<div class=\"wp-block-image\">\n<figure class=\"aligncenter size-full\"><img loading=\"lazy\" decoding=\"async\" width=\"225\" height=\"225\" src=\"https:\/\/www.ptchrnr.pl\/wp-content\/uploads\/2026\/04\/image-3.jpeg\" alt=\"\" class=\"wp-image-1366\" srcset=\"https:\/\/www.ptchrnr.pl\/wp-content\/uploads\/2026\/04\/image-3.jpeg 225w, https:\/\/www.ptchrnr.pl\/wp-content\/uploads\/2026\/04\/image-3-150x150.jpeg 150w, https:\/\/www.ptchrnr.pl\/wp-content\/uploads\/2026\/04\/image-3-12x12.jpeg 12w\" sizes=\"auto, (max-width: 225px) 100vw, 225px\" \/><\/figure>\n<\/div>\n\n\n<p class=\"has-text-align-center\"><strong>Prof. Joon Pio Hong<\/strong>, <em>South Korea<\/em><\/p>\n\n\n\n<p>One of the most distinguished contemporary reconstructive surgeons and a global ambassador for microsurgery. An outstanding mentor and clinician, he serves as a Professor of Plastic and Reconstructive Surgery at the University of Ulsan College of Medicine and Asan Medical Center in Seoul. He is an active member of numerous international scientific societies and the author of extensive innovative research.<\/p>\n\n\n\n<p><strong>Professor Joon Pio Hong will be joining us online.<\/strong><\/p>\n\n\n\n<hr class=\"wp-block-separator has-alpha-channel-opacity\"\/>\n\n\n\n<p class=\"has-text-align-center\"><strong>Premium Sponsors:<\/strong><\/p>\n\n\n\n<figure class=\"wp-block-image size-large\"><img loading=\"lazy\" decoding=\"async\" width=\"1024\" height=\"576\" src=\"https:\/\/www.ptchrnr.pl\/wp-content\/uploads\/2026\/04\/sponsorzy_IV_zjazd_logo_pptx-1024x576.png\" alt=\"\" class=\"wp-image-1374\" srcset=\"https:\/\/www.ptchrnr.pl\/wp-content\/uploads\/2026\/04\/sponsorzy_IV_zjazd_logo_pptx-1024x576.png 1024w, https:\/\/www.ptchrnr.pl\/wp-content\/uploads\/2026\/04\/sponsorzy_IV_zjazd_logo_pptx-300x169.png 300w, https:\/\/www.ptchrnr.pl\/wp-content\/uploads\/2026\/04\/sponsorzy_IV_zjazd_logo_pptx-768x432.png 768w, https:\/\/www.ptchrnr.pl\/wp-content\/uploads\/2026\/04\/sponsorzy_IV_zjazd_logo_pptx-18x10.png 18w, https:\/\/www.ptchrnr.pl\/wp-content\/uploads\/2026\/04\/sponsorzy_IV_zjazd_logo_pptx-240x135.png 240w, https:\/\/www.ptchrnr.pl\/wp-content\/uploads\/2026\/04\/sponsorzy_IV_zjazd_logo_pptx.png 1400w\" sizes=\"auto, (max-width: 1024px) 100vw, 1024px\" \/><\/figure>\n\n\n\n<p class=\"has-text-align-center\">Sponsorzy:<\/p>\n\n\n<div class=\"wp-block-image\">\n<figure class=\"aligncenter size-full\"><img loading=\"lazy\" decoding=\"async\" width=\"314\" height=\"132\" src=\"https:\/\/www.ptchrnr.pl\/wp-content\/uploads\/2026\/04\/image-1.png\" alt=\"\" class=\"wp-image-1378\" srcset=\"https:\/\/www.ptchrnr.pl\/wp-content\/uploads\/2026\/04\/image-1.png 314w, https:\/\/www.ptchrnr.pl\/wp-content\/uploads\/2026\/04\/image-1-300x126.png 300w, https:\/\/www.ptchrnr.pl\/wp-content\/uploads\/2026\/04\/image-1-18x8.png 18w, https:\/\/www.ptchrnr.pl\/wp-content\/uploads\/2026\/04\/image-1-240x101.png 240w\" sizes=\"auto, (max-width: 314px) 100vw, 314px\" \/><\/figure>\n<\/div>\n\n\n<p><\/p>","protected":false},"excerpt":{"rendered":"<p>Szanowni Pa\u0144stwo,&nbsp; Drogie Kole\u017canki i Koledzy, Mamy zaszczyt zaprosi\u0107 Pa\u0144stwa do udzia\u0142u w IV Zje\u017adzie Naukowo-Szkoleniowym Polskiego Towarzystwa Chirurgii Rekonstrukcyjnej Narz\u0105du Ruchu \u201eOrtoplastyka\u201d, kt\u00f3ry odb\u0119dzie si\u0119 w dniach 15\u201316 maja 2026 roku w Krakowie. Po raz kolejny spotkamy si\u0119, aby dyskutowa\u0107 nad problemami zwi\u0105zanymi z leczeniem powik\u0142anych uraz\u00f3w oraz dzieli\u0107 si\u0119 do\u015bwiadczeniem w zakresie technik [&hellip;]<\/p>","protected":false},"author":1,"featured_media":0,"parent":0,"menu_order":0,"comment_status":"closed","ping_status":"closed","template":"","meta":{"footnotes":""},"class_list":["post-1320","page","type-page","status-publish","hentry"],"_links":{"self":[{"href":"https:\/\/www.ptchrnr.pl\/en\/wp-json\/wp\/v2\/pages\/1320","targetHints":{"allow":["GET"]}}],"collection":[{"href":"https:\/\/www.ptchrnr.pl\/en\/wp-json\/wp\/v2\/pages"}],"about":[{"href":"https:\/\/www.ptchrnr.pl\/en\/wp-json\/wp\/v2\/types\/page"}],"author":[{"embeddable":true,"href":"https:\/\/www.ptchrnr.pl\/en\/wp-json\/wp\/v2\/users\/1"}],"replies":[{"embeddable":true,"href":"https:\/\/www.ptchrnr.pl\/en\/wp-json\/wp\/v2\/comments?post=1320"}],"version-history":[{"count":27,"href":"https:\/\/www.ptchrnr.pl\/en\/wp-json\/wp\/v2\/pages\/1320\/revisions"}],"predecessor-version":[{"id":1383,"href":"https:\/\/www.ptchrnr.pl\/en\/wp-json\/wp\/v2\/pages\/1320\/revisions\/1383"}],"wp:attachment":[{"href":"https:\/\/www.ptchrnr.pl\/en\/wp-json\/wp\/v2\/media?parent=1320"}],"curies":[{"name":"wp","href":"https:\/\/api.w.org\/{rel}","templated":true}]}}