{"id":1096,"date":"2025-04-14T05:09:17","date_gmt":"2025-04-14T04:09:17","guid":{"rendered":"https:\/\/www.ptchrnr.pl\/?page_id=1096"},"modified":"2025-04-14T05:16:55","modified_gmt":"2025-04-14T04:16:55","slug":"program-walnego-zebrania-czlonkow-polskiego-towarzystwa-chirurgii-rekonstrukcyjnej-narzadu-ruchu","status":"publish","type":"page","link":"https:\/\/www.ptchrnr.pl\/en\/program-walnego-zebrania-czlonkow-polskiego-towarzystwa-chirurgii-rekonstrukcyjnej-narzadu-ruchu\/","title":{"rendered":"Program Walnego Zebrania Cz\u0142onk\u00f3w Polskiego Towarzystwa Chirurgii Rekonstrukcyjnej Narz\u0105du ruchu"},"content":{"rendered":"<figure class=\"wp-block-image size-large\"><img loading=\"lazy\" decoding=\"async\" width=\"1024\" height=\"326\" src=\"https:\/\/www.ptchrnr.pl\/wp-content\/uploads\/2022\/10\/PTChRNR_pol_ang-1024x326.png\" alt=\"\" class=\"wp-image-616\" srcset=\"https:\/\/www.ptchrnr.pl\/wp-content\/uploads\/2022\/10\/PTChRNR_pol_ang-1024x326.png 1024w, https:\/\/www.ptchrnr.pl\/wp-content\/uploads\/2022\/10\/PTChRNR_pol_ang-300x96.png 300w, https:\/\/www.ptchrnr.pl\/wp-content\/uploads\/2022\/10\/PTChRNR_pol_ang-768x245.png 768w, https:\/\/www.ptchrnr.pl\/wp-content\/uploads\/2022\/10\/PTChRNR_pol_ang-1536x489.png 1536w, https:\/\/www.ptchrnr.pl\/wp-content\/uploads\/2022\/10\/PTChRNR_pol_ang-240x76.png 240w, https:\/\/www.ptchrnr.pl\/wp-content\/uploads\/2022\/10\/PTChRNR_pol_ang.png 1655w\" sizes=\"auto, (max-width: 1024px) 100vw, 1024px\" \/><\/figure>\n\n\n\n<p><\/p>\n\n\n\n<p class=\"has-text-align-center\"><strong>Program\u00a0szczeg\u00f3\u0142owy Walnego Zebrania Cz\u0142onk\u00f3w Polskiego Towarzystwa Chirurgii Rekonstrukcyjnej Narz\u0105du Ruchu<\/strong><\/p>\n\n\n\n<p class=\"has-text-align-center\">09.05.2025 &#8211; Zamek w Gniewie ul. Zamkowa 3, 83-140 Gniew<\/p>\n\n\n\n<ol class=\"wp-block-list\">\n<li>Otwarcie obrad &#8211; godz. 08:30 (I termin- 08:30, II termin 08:45).<\/li>\n\n\n\n<li>Wyb\u00f3r Przewodnicz\u0105cego oraz Sekretarza Walnego Zebrania Cz\u0142onk\u00f3w.<\/li>\n\n\n\n<li>Stwierdzenie prawid\u0142owo\u015bci zwo\u0142ania Walnego Zebrania Cz\u0142onk\u00f3w oraz zdolno\u015bci dopodejmowania uchwa\u0142.<\/li>\n\n\n\n<li>Przedstawienie porz\u0105dku obrad.<\/li>\n\n\n\n<li>Przedstawienie sprawozdania z dzia\u0142alno\u015bci Zarz\u0105du oraz sprawozdania finansowegoza rok 2024.<\/li>\n\n\n\n<li>Przedstawienie sprawozdania z dzia\u0142alno\u015bci Komisji Rewizyjnej za 2024 rok.<\/li>\n\n\n\n<li>Przedstawienie sprawozdania z dzia\u0142alno\u015bci S\u0105du Kole\u017ce\u0144skiego za 2024 rok.<\/li>\n\n\n\n<li>Podj\u0119cie uchwa\u0142 w sprawie:\n<ul class=\"wp-block-list\">\n<li>8.1. &nbsp;zatwierdzenie sprawozdania finansowego za 2024 rok,<\/li>\n\n\n\n<li>8.2. &nbsp;przeznaczenia zysku za 2024 rok,<\/li>\n\n\n\n<li>8.3. &nbsp;zatwierdzenia sprawozdania z dzia\u0142alno\u015bci Zarz\u0105du za 2024 rok,<\/li>\n\n\n\n<li>8.4. &nbsp;zatwierdzenie sprawozdania z dzia\u0142alno\u015bci Komisji Rewizyjnej za 2024 rok,<\/li>\n\n\n\n<li>8.5. &nbsp;zatwierdzenie sprawozdania z dzia\u0142alno\u015bci S\u0105du Kole\u017ce\u0144skiego za 2024 rok,<\/li>\n\n\n\n<li>8.6. &nbsp;udzielenie absolutorium Zarz\u0105dowi za 2024 rok.<\/li>\n<\/ul>\n<\/li>\n\n\n\n<li>Podj\u0119cie uchwa\u0142y o terminie i miejscu kolejnego, IV Zjazdu Naukowo-Szkoleniowego PTChRNR.<\/li>\n\n\n\n<li>Przedstawienie&nbsp;kandydatur do tytu\u0142u Cz\u0142onka Honorowego PTChRNR.<\/li>\n\n\n\n<li>G\u0142osowanie nad kandydaturami do tytu\u0142u Cz\u0142onka Honorowego PTChRNR.<\/li>\n\n\n\n<li>Wolne wnioski.<\/li>\n\n\n\n<li>Zako\u0144czenie obrad.<\/li>\n<\/ol>","protected":false},"excerpt":{"rendered":"<p>Program\u00a0szczeg\u00f3\u0142owy Walnego Zebrania Cz\u0142onk\u00f3w Polskiego Towarzystwa Chirurgii Rekonstrukcyjnej Narz\u0105du Ruchu 09.05.2025 &#8211; Zamek w Gniewie ul. Zamkowa 3, 83-140 Gniew<\/p>","protected":false},"author":1,"featured_media":0,"parent":0,"menu_order":0,"comment_status":"closed","ping_status":"closed","template":"","meta":{"footnotes":""},"class_list":["post-1096","page","type-page","status-publish","hentry"],"_links":{"self":[{"href":"https:\/\/www.ptchrnr.pl\/en\/wp-json\/wp\/v2\/pages\/1096","targetHints":{"allow":["GET"]}}],"collection":[{"href":"https:\/\/www.ptchrnr.pl\/en\/wp-json\/wp\/v2\/pages"}],"about":[{"href":"https:\/\/www.ptchrnr.pl\/en\/wp-json\/wp\/v2\/types\/page"}],"author":[{"embeddable":true,"href":"https:\/\/www.ptchrnr.pl\/en\/wp-json\/wp\/v2\/users\/1"}],"replies":[{"embeddable":true,"href":"https:\/\/www.ptchrnr.pl\/en\/wp-json\/wp\/v2\/comments?post=1096"}],"version-history":[{"count":2,"href":"https:\/\/www.ptchrnr.pl\/en\/wp-json\/wp\/v2\/pages\/1096\/revisions"}],"predecessor-version":[{"id":1101,"href":"https:\/\/www.ptchrnr.pl\/en\/wp-json\/wp\/v2\/pages\/1096\/revisions\/1101"}],"wp:attachment":[{"href":"https:\/\/www.ptchrnr.pl\/en\/wp-json\/wp\/v2\/media?parent=1096"}],"curies":[{"name":"wp","href":"https:\/\/api.w.org\/{rel}","templated":true}]}}