{"id":1082,"date":"2025-04-01T17:55:55","date_gmt":"2025-04-01T16:55:55","guid":{"rendered":"https:\/\/www.ptchrnr.pl\/?page_id=1082"},"modified":"2025-04-01T17:55:55","modified_gmt":"2025-04-01T16:55:55","slug":"oplata-konferencyjna","status":"publish","type":"page","link":"https:\/\/www.ptchrnr.pl\/en\/oplata-konferencyjna\/","title":{"rendered":"Op\u0142ata konferencyjna"},"content":{"rendered":"<p><strong>Participation Fees:<\/strong><\/p>\n\n\n\n<ul class=\"wp-block-list\">\n<li>POS members actively participating (presenting their papers\/abstracts at the Congress) \u2013 0 PLN<\/li>\n<\/ul>\n\n\n\n<ul class=\"wp-block-list\">\n<li>POS members not presenting their papers\/abstracts \u2013 300 PLN<\/li>\n<\/ul>\n\n\n\n<ul class=\"wp-block-list\">\n<li>Non POS members, accompanying persons (participating in shared dinners and lunches) \u2013 600 PLN<\/li>\n<\/ul>\n\n\n\n<ul class=\"wp-block-list\">\n<li>Company representatives (if not covered by separate agreements) \u2013 600 PLN<\/li>\n<\/ul>\n\n\n\n<p><\/p>\n\n\n\n<p>In case of cancellation after payment, a full refund will only be granted if cancellation is reported by April 8, 2025.&nbsp;<\/p>\n\n\n\n<p>Participation fees do not include accommodation.&nbsp;<\/p>\n\n\n\n<p>To register, please send an email to:&nbsp;<a href=\"mailto:prezes@ptchrnr.pl\">prezes@ptchrnr.pl<\/a>&nbsp;or &nbsp;<a href=\"mailto:kontakt@ptchrnr.pl\">contact@ptchrnr.pl<\/a>.<\/p>\n\n\n\n<p><strong>Payment Details:<\/strong><\/p>\n\n\n\n<p>Bank: Mbank \nAccount number: PL37 1140 2004 0000 3602 8217 3470<\/p>\n\n\n\n<p>Transfer title: \u201cIII Congress \u2013 Participant\u2019s Name and Surname\u201d<\/p>","protected":false},"excerpt":{"rendered":"<p>Koszty uczestnictwa: W przypadku rezygnacji z udzia\u0142u po dokonaniu wp\u0142aty, op\u0142ata w pe\u0142nej wysoko\u015bci zostanie zwr\u00f3cona wy\u0142\u0105cznie w przypadku powiadomienia o rezygnacji do dnia&nbsp;8 kwietnia 2025 r.&nbsp; Op\u0142aty za uczestnictwo w Zje\u017adzie nie obejmuj\u0105 zakwaterowania.&nbsp; Ch\u0119\u0107 uczestnictwa w III Zje\u017adzie prosz\u0119 zg\u0142asza\u0107 na adres mailowy:&nbsp;prezes@ptchrnr.pl&nbsp;lub &nbsp;kontakt@ptchrnr.pl. Wp\u0142aty za uczestnictwo: Mbank nr konta: 37 1140 2004 [&hellip;]<\/p>","protected":false},"author":1,"featured_media":0,"parent":0,"menu_order":0,"comment_status":"closed","ping_status":"closed","template":"","meta":{"footnotes":""},"class_list":["post-1082","page","type-page","status-publish","hentry"],"_links":{"self":[{"href":"https:\/\/www.ptchrnr.pl\/en\/wp-json\/wp\/v2\/pages\/1082","targetHints":{"allow":["GET"]}}],"collection":[{"href":"https:\/\/www.ptchrnr.pl\/en\/wp-json\/wp\/v2\/pages"}],"about":[{"href":"https:\/\/www.ptchrnr.pl\/en\/wp-json\/wp\/v2\/types\/page"}],"author":[{"embeddable":true,"href":"https:\/\/www.ptchrnr.pl\/en\/wp-json\/wp\/v2\/users\/1"}],"replies":[{"embeddable":true,"href":"https:\/\/www.ptchrnr.pl\/en\/wp-json\/wp\/v2\/comments?post=1082"}],"version-history":[{"count":1,"href":"https:\/\/www.ptchrnr.pl\/en\/wp-json\/wp\/v2\/pages\/1082\/revisions"}],"predecessor-version":[{"id":1083,"href":"https:\/\/www.ptchrnr.pl\/en\/wp-json\/wp\/v2\/pages\/1082\/revisions\/1083"}],"wp:attachment":[{"href":"https:\/\/www.ptchrnr.pl\/en\/wp-json\/wp\/v2\/media?parent=1082"}],"curies":[{"name":"wp","href":"https:\/\/api.w.org\/{rel}","templated":true}]}}