{"id":1079,"date":"2025-04-01T17:54:15","date_gmt":"2025-04-01T16:54:15","guid":{"rendered":"https:\/\/www.ptchrnr.pl\/?page_id=1079"},"modified":"2025-05-02T09:22:41","modified_gmt":"2025-05-02T08:22:41","slug":"warsztaty-mikrochirurgiczne-z-robotem-symani-synektik","status":"publish","type":"page","link":"https:\/\/www.ptchrnr.pl\/en\/warsztaty-mikrochirurgiczne-z-robotem-symani-synektik\/","title":{"rendered":"Warsztaty mikrochirurgiczne z robotem Symani &#8211; Synektik"},"content":{"rendered":"<p>Serdecznie zapraszamy na <strong>bezp\u0142atne warsztaty mikrochirurgiczne z robotem Symani<\/strong> na dziedzi\u0144cu zamku w Gniewie, podczas III Zjazdu Naukowo-Szkoleniowego \u201eOrtoplastyka\u201d Polskiego Towarzystwa Chirurgii Rekonstrukcyjnej Narz\u0105du Ruchu w Gniewie 9 \u2013 10 maja 2025 r.<\/p>\n\n\n\n<p>Uczestnicy b\u0119d\u0105 mieli okazj\u0119 wzi\u0105\u0107 udzia\u0142 w Warsztatach z wykorzystaniem robota Symani stosowanego w mikrochirurgii i supermikrochirurgii.<\/p>\n\n\n\n<p>Podczas <strong>indywidualnych spotka\u0144 (1 h) <\/strong>uczestnicy b\u0119d\u0105 mieli mo\u017cliwo\u015b\u0107 zrealizowania kilku prostych \u0107wicze\u0144 a nast\u0119pnie w asy\u015bcie robota Symani wykonania zespolenia silikonowych naczy\u0144 w wymiarze mikro &#8211; lub supermikro.<\/p>\n\n\n\n<p><strong>Rejestracja<\/strong><\/p>\n\n\n\n<p>Zapisy na warsztaty pod linkiem (aplikacja Calendly):&nbsp;<a href=\"https:\/\/calendly.com\/synektik\/warsztaty-mikrochirurgiczne-z-robotem-symani-zamek-gniew\">https:\/\/calendly.com\/synektik\/warsztaty-mikrochirurgiczne-z-robotem-symani-zamek-gniew<\/a><\/p>\n\n\n\n<p>Liczba miejsc ograniczona, decyduje kolejno\u015b\u0107 zg\u0142osze\u0144.<\/p>\n\n\n\n<p>Warsztaty s\u0105 adresowane do lekarzy chirurg\u00f3w, uczestnik\u00f3w wydarzenia.<\/p>\n\n\n\n<p><\/p>\n\n\n\n<p>Robot Symani jest pierwszym tego rodzaju systemem robotycznym wykorzystywanym do przeprowadzania zabieg\u00f3w mikrochirurgicznych i supermikrochirurgicznych w obr\u0119bie naczy\u0144 krwiono\u015bnych, nerw\u00f3w i naczy\u0144 limfatycznych. System stosowany jest w terapii zabiegowej pacjent\u00f3w z obrz\u0119kami limfatycznymi, potrzeb\u0105 rekonstrukcji po radykalnej mastektomii, po urazach ko\u0144czyn i potrzebie ich rekonstrukcji oraz przy nowotworach g\u0142owy i szyi. Wachlarz zastosowa\u0144 obejmuje tak\u017ce mikrochirurgi\u0119 dla dzieci.<\/p>\n\n\n\n<p>Symani \u0142\u0105czy w sobie najmniejsze na \u015bwiecie, 3-milimetrowe mikroinstrumenty nadgarstkowe z technologiami redukcji dr\u017cenia i skalowania ruchu. System umo\u017cliwia chirurgom wykonywanie zabieg\u00f3w na ma\u0142ych, delikatnych strukturach anatomicznych na poziomach mikro i supermikro w wygodnej pozycji siedz\u0105cej. System Symani mo\u017ce 20-krotnie spowolni\u0107 ruchy r\u0119ki operatora, eliminuj\u0105c nawet minimalne wibracje z jego d\u0142oni.<\/p>\n\n\n\n<p>Producentem Symani jest firma Medical Microinstruments. Synektik jest wy\u0142\u0105cznym dystrybutorem systemu w Polsce, Czechach i na S\u0142owacji, a tak\u017ce w krajach ba\u0142tyckich: Litwie, \u0141otwie i Estonii.<\/p>\n\n\n\n<figure class=\"wp-block-image size-large\"><img loading=\"lazy\" decoding=\"async\" width=\"1024\" height=\"532\" src=\"https:\/\/www.ptchrnr.pl\/wp-content\/uploads\/2025\/04\/image-1024x532.png\" alt=\"\" class=\"wp-image-1080\" srcset=\"https:\/\/www.ptchrnr.pl\/wp-content\/uploads\/2025\/04\/image-1024x532.png 1024w, https:\/\/www.ptchrnr.pl\/wp-content\/uploads\/2025\/04\/image-300x156.png 300w, https:\/\/www.ptchrnr.pl\/wp-content\/uploads\/2025\/04\/image-768x399.png 768w, https:\/\/www.ptchrnr.pl\/wp-content\/uploads\/2025\/04\/image-1536x799.png 1536w, https:\/\/www.ptchrnr.pl\/wp-content\/uploads\/2025\/04\/image-18x9.png 18w, https:\/\/www.ptchrnr.pl\/wp-content\/uploads\/2025\/04\/image-240x125.png 240w, https:\/\/www.ptchrnr.pl\/wp-content\/uploads\/2025\/04\/image.png 1910w\" sizes=\"auto, (max-width: 1024px) 100vw, 1024px\" \/><\/figure>","protected":false},"excerpt":{"rendered":"<p>Serdecznie zapraszamy na bezp\u0142atne warsztaty mikrochirurgiczne z robotem Symani na dziedzi\u0144cu zamku w Gniewie, podczas III Zjazdu Naukowo-Szkoleniowego \u201eOrtoplastyka\u201d Polskiego Towarzystwa Chirurgii Rekonstrukcyjnej Narz\u0105du Ruchu w Gniewie 9 \u2013 10 maja 2025 r. Uczestnicy b\u0119d\u0105 mieli okazj\u0119 wzi\u0105\u0107 udzia\u0142 w Warsztatach z wykorzystaniem robota Symani stosowanego w mikrochirurgii i supermikrochirurgii. Podczas indywidualnych spotka\u0144 (1 h) [&hellip;]<\/p>","protected":false},"author":1,"featured_media":0,"parent":0,"menu_order":0,"comment_status":"closed","ping_status":"closed","template":"","meta":{"footnotes":""},"class_list":["post-1079","page","type-page","status-publish","hentry"],"_links":{"self":[{"href":"https:\/\/www.ptchrnr.pl\/en\/wp-json\/wp\/v2\/pages\/1079","targetHints":{"allow":["GET"]}}],"collection":[{"href":"https:\/\/www.ptchrnr.pl\/en\/wp-json\/wp\/v2\/pages"}],"about":[{"href":"https:\/\/www.ptchrnr.pl\/en\/wp-json\/wp\/v2\/types\/page"}],"author":[{"embeddable":true,"href":"https:\/\/www.ptchrnr.pl\/en\/wp-json\/wp\/v2\/users\/1"}],"replies":[{"embeddable":true,"href":"https:\/\/www.ptchrnr.pl\/en\/wp-json\/wp\/v2\/comments?post=1079"}],"version-history":[{"count":3,"href":"https:\/\/www.ptchrnr.pl\/en\/wp-json\/wp\/v2\/pages\/1079\/revisions"}],"predecessor-version":[{"id":1145,"href":"https:\/\/www.ptchrnr.pl\/en\/wp-json\/wp\/v2\/pages\/1079\/revisions\/1145"}],"wp:attachment":[{"href":"https:\/\/www.ptchrnr.pl\/en\/wp-json\/wp\/v2\/media?parent=1079"}],"curies":[{"name":"wp","href":"https:\/\/api.w.org\/{rel}","templated":true}]}}