{"id":1077,"date":"2025-04-01T17:51:38","date_gmt":"2025-04-01T16:51:38","guid":{"rendered":"https:\/\/www.ptchrnr.pl\/?page_id=1077"},"modified":"2025-05-06T21:04:52","modified_gmt":"2025-05-06T20:04:52","slug":"zagraniczni-wykladowcy","status":"publish","type":"page","link":"https:\/\/www.ptchrnr.pl\/en\/zagraniczni-wykladowcy\/","title":{"rendered":"Zagraniczni Wyk\u0142adowcy"},"content":{"rendered":"<p class=\"has-text-align-center\"><strong>Invited International Speakers<\/strong><\/p>\n\n\n\n<p><\/p>\n\n\n\n<div class=\"wp-block-group\"><div class=\"wp-block-group__inner-container is-layout-constrained wp-block-group-is-layout-constrained\">\n<div class=\"wp-block-cover alignleft\"><span aria-hidden=\"true\" class=\"wp-block-cover__background has-background-dim\"><\/span><img loading=\"lazy\" decoding=\"async\" width=\"312\" height=\"312\" class=\"wp-block-cover__image-background wp-image-1053\" alt=\"\" src=\"https:\/\/www.ptchrnr.pl\/wp-content\/uploads\/2025\/03\/image-3.png\" data-object-fit=\"cover\" srcset=\"https:\/\/www.ptchrnr.pl\/wp-content\/uploads\/2025\/03\/image-3.png 312w, https:\/\/www.ptchrnr.pl\/wp-content\/uploads\/2025\/03\/image-3-300x300.png 300w, https:\/\/www.ptchrnr.pl\/wp-content\/uploads\/2025\/03\/image-3-150x150.png 150w, https:\/\/www.ptchrnr.pl\/wp-content\/uploads\/2025\/03\/image-3-12x12.png 12w, https:\/\/www.ptchrnr.pl\/wp-content\/uploads\/2025\/03\/image-3-240x240.png 240w\" sizes=\"auto, (max-width: 312px) 100vw, 312px\" \/><div class=\"wp-block-cover__inner-container is-layout-flow wp-block-cover-is-layout-flow\">\n<p class=\"has-text-align-center has-large-font-size\"><\/p>\n<\/div><\/div>\n\n\n\n<p><strong>Prof. Joon Pio Hong<\/strong> <\/p>\n\n\n\n<p>One of the most outstanding reconstructive microsurgeons and an international ambassador of microsurgery. A distinguished teacher and surgeon who traveled across the globe, teaching, operating, and inspiring others to practice reconstructive microsurgery. Professor of Plastic and Reconstructive Surgery at the University of Ulsan Medical School and Asan Medical Center in Seoul. A member of numerous international surgical societies and the author of many innovative scientific publications.<\/p>\n<\/div><\/div>\n\n\n\n<hr class=\"wp-block-separator has-alpha-channel-opacity\"\/>\n\n\n\n<div class=\"wp-block-group\"><div class=\"wp-block-group__inner-container is-layout-constrained wp-block-group-is-layout-constrained\">\n<div class=\"wp-block-cover alignleft\"><span aria-hidden=\"true\" class=\"wp-block-cover__background has-background-dim\"><\/span><img loading=\"lazy\" decoding=\"async\" width=\"1024\" height=\"980\" class=\"wp-block-cover__image-background wp-image-1054\" alt=\"\" src=\"https:\/\/www.ptchrnr.pl\/wp-content\/uploads\/2025\/03\/image-4-1024x980.png\" data-object-fit=\"cover\" srcset=\"https:\/\/www.ptchrnr.pl\/wp-content\/uploads\/2025\/03\/image-4-1024x980.png 1024w, https:\/\/www.ptchrnr.pl\/wp-content\/uploads\/2025\/03\/image-4-300x287.png 300w, https:\/\/www.ptchrnr.pl\/wp-content\/uploads\/2025\/03\/image-4-768x735.png 768w, https:\/\/www.ptchrnr.pl\/wp-content\/uploads\/2025\/03\/image-4-13x12.png 13w, https:\/\/www.ptchrnr.pl\/wp-content\/uploads\/2025\/03\/image-4-240x230.png 240w, https:\/\/www.ptchrnr.pl\/wp-content\/uploads\/2025\/03\/image-4.png 1200w\" sizes=\"auto, (max-width: 1024px) 100vw, 1024px\" \/><div class=\"wp-block-cover__inner-container is-layout-flow wp-block-cover-is-layout-flow\">\n<p class=\"has-text-align-center has-large-font-size\"><\/p>\n<\/div><\/div>\n\n\n\n<p><strong>Prof. Alexandru Georgescu<\/strong> <\/p>\n\n\n\n<p>Renowned authority in plastic and reconstructive surgery. Emeritus Professor at the Iuliu Ha\u021bieganu University of Medicine and Pharmacy in Cluj-Napoca. Former Secretary General of the European Federation of Societies for Microsurgery. A member of multiple international scientific surgical societies. The author of numerous scientific papers and a lecturer at prestigious scientific events and conferences.<\/p>\n<\/div><\/div>\n\n\n\n<p><\/p>\n\n\n\n<hr class=\"wp-block-separator has-alpha-channel-opacity\"\/>\n\n\n\n<div class=\"wp-block-group\"><div class=\"wp-block-group__inner-container is-layout-constrained wp-block-group-is-layout-constrained\">\n<div class=\"wp-block-cover alignleft\"><span aria-hidden=\"true\" class=\"wp-block-cover__background has-background-dim\"><\/span><img loading=\"lazy\" decoding=\"async\" width=\"400\" height=\"400\" class=\"wp-block-cover__image-background wp-image-1059\" alt=\"\" src=\"https:\/\/www.ptchrnr.pl\/wp-content\/uploads\/2025\/03\/image-8.png\" data-object-fit=\"cover\" srcset=\"https:\/\/www.ptchrnr.pl\/wp-content\/uploads\/2025\/03\/image-8.png 400w, https:\/\/www.ptchrnr.pl\/wp-content\/uploads\/2025\/03\/image-8-300x300.png 300w, https:\/\/www.ptchrnr.pl\/wp-content\/uploads\/2025\/03\/image-8-150x150.png 150w, https:\/\/www.ptchrnr.pl\/wp-content\/uploads\/2025\/03\/image-8-12x12.png 12w, https:\/\/www.ptchrnr.pl\/wp-content\/uploads\/2025\/03\/image-8-240x240.png 240w\" sizes=\"auto, (max-width: 400px) 100vw, 400px\" \/><div class=\"wp-block-cover__inner-container is-layout-flow wp-block-cover-is-layout-flow\">\n<p class=\"has-text-align-center has-large-font-size\"><\/p>\n<\/div><\/div>\n\n\n\n<p><strong>Dr Lucian Petru Jiga<\/strong><\/p>\n\n\n\n<p>Head of the Department of Plastic, Aesthetic, Reconstructive, and Hand Surgery at the University Evangelical Hospital in Oldenburg. A lecturer, distinguished European surgeon, and reconstructive microsurgeon. Scientific director and creator of the reconstructive microsurgery training program Oldenburg \u2013 Groningen Flap Course.&nbsp;<\/p>\n<\/div><\/div>\n\n\n\n<p><\/p>\n\n\n\n<p><\/p>\n\n\n\n<hr class=\"wp-block-separator has-alpha-channel-opacity\"\/>\n\n\n\n<div class=\"wp-block-group\"><div class=\"wp-block-group__inner-container is-layout-constrained wp-block-group-is-layout-constrained\">\n<div class=\"wp-block-cover alignleft\"><span aria-hidden=\"true\" class=\"wp-block-cover__background has-background-dim\"><\/span><img loading=\"lazy\" decoding=\"async\" width=\"305\" height=\"345\" class=\"wp-block-cover__image-background wp-image-1057\" alt=\"\" src=\"https:\/\/www.ptchrnr.pl\/wp-content\/uploads\/2025\/03\/image-6.png\" data-object-fit=\"cover\" srcset=\"https:\/\/www.ptchrnr.pl\/wp-content\/uploads\/2025\/03\/image-6.png 305w, https:\/\/www.ptchrnr.pl\/wp-content\/uploads\/2025\/03\/image-6-265x300.png 265w, https:\/\/www.ptchrnr.pl\/wp-content\/uploads\/2025\/03\/image-6-11x12.png 11w, https:\/\/www.ptchrnr.pl\/wp-content\/uploads\/2025\/03\/image-6-212x240.png 212w\" sizes=\"auto, (max-width: 305px) 100vw, 305px\" \/><div class=\"wp-block-cover__inner-container is-layout-flow wp-block-cover-is-layout-flow\">\n<p class=\"has-text-align-center has-large-font-size\"><\/p>\n<\/div><\/div>\n\n\n\n<p><strong>Dr Tom\u00e1\u0161 Kempn\u00fd<\/strong><\/p>\n\n\n\n<p>Renowned specialist in plastic surgery from Ostrava, a recognized surgeon and reconstructive microsurgeon. President of EUROMicro 2026 Prague.<\/p>\n<\/div><\/div>\n\n\n\n<p><\/p>\n\n\n\n<p><\/p>\n\n\n\n<p><\/p>\n\n\n\n<p><\/p>\n\n\n\n<p><\/p>\n\n\n\n<p><\/p>\n\n\n\n<hr class=\"wp-block-separator has-alpha-channel-opacity\"\/>","protected":false},"excerpt":{"rendered":"<p>Zagraniczni Wyk\u0142adowcy: Prof. Joon Pio Hong Jeden z najwybitniejszych mikrochirurg\u00f3w rekonstrukcyjnych, mi\u0119dzynarodowy ambasador mikrochirurgii. Wybitny nauczyciel i chirurg przemierzaj\u0105cy ca\u0142y glob ucz\u0105c, operuj\u0105c motywuj\u0105c do uprawiania mikrochirurgii rekonstrukcyjnej. Profesor chirurgii plastycznej i rekonstrukcyjnej Wydzia\u0142u Medycznego Uniwersytetu Ulsan i Asan Medical Center w Seulu. Cz\u0142onek wielu mi\u0119dzynarodowych naukowych towarzystw chirurgicznych, autor licznych innowacyjnych publikacji naukowych. Prof. [&hellip;]<\/p>","protected":false},"author":1,"featured_media":0,"parent":0,"menu_order":0,"comment_status":"closed","ping_status":"closed","template":"","meta":{"footnotes":""},"class_list":["post-1077","page","type-page","status-publish","hentry"],"_links":{"self":[{"href":"https:\/\/www.ptchrnr.pl\/en\/wp-json\/wp\/v2\/pages\/1077","targetHints":{"allow":["GET"]}}],"collection":[{"href":"https:\/\/www.ptchrnr.pl\/en\/wp-json\/wp\/v2\/pages"}],"about":[{"href":"https:\/\/www.ptchrnr.pl\/en\/wp-json\/wp\/v2\/types\/page"}],"author":[{"embeddable":true,"href":"https:\/\/www.ptchrnr.pl\/en\/wp-json\/wp\/v2\/users\/1"}],"replies":[{"embeddable":true,"href":"https:\/\/www.ptchrnr.pl\/en\/wp-json\/wp\/v2\/comments?post=1077"}],"version-history":[{"count":3,"href":"https:\/\/www.ptchrnr.pl\/en\/wp-json\/wp\/v2\/pages\/1077\/revisions"}],"predecessor-version":[{"id":1150,"href":"https:\/\/www.ptchrnr.pl\/en\/wp-json\/wp\/v2\/pages\/1077\/revisions\/1150"}],"wp:attachment":[{"href":"https:\/\/www.ptchrnr.pl\/en\/wp-json\/wp\/v2\/media?parent=1077"}],"curies":[{"name":"wp","href":"https:\/\/api.w.org\/{rel}","templated":true}]}}