{"id":1071,"date":"2025-04-01T17:48:37","date_gmt":"2025-04-01T16:48:37","guid":{"rendered":"https:\/\/www.ptchrnr.pl\/?page_id=1071"},"modified":"2025-05-06T04:26:39","modified_gmt":"2025-05-06T03:26:39","slug":"warsztaty-mikro-i-supermikrochirgiczne-mitaka","status":"publish","type":"page","link":"https:\/\/www.ptchrnr.pl\/en\/warsztaty-mikro-i-supermikrochirgiczne-mitaka\/","title":{"rendered":"Warsztaty mikro- i supermikrochirgiczne &#8211; Mitaka"},"content":{"rendered":"<p>Szyj z mistrzami &#8211; zapraszamy na praktyczne warsztaty zespole\u0144 mikrochirurgicznych, kt\u00f3re odb\u0119d\u0105 si\u0119 podczas III Zjazdu Polskiego Towarzystwa Chirurgii Rekonstrukcyjnej Narz\u0105du Ruchu.<\/p>\n\n\n\n<p>Zapraszamy uczestnik\u00f3w III Zjazdu do <a href=\"https:\/\/www.mitakaeurope.com\/swtm-gniew2025\">rejestracji.<\/a><\/p>\n\n\n\n<p><\/p>\n\n\n\n<p><\/p>\n\n\n\n<blockquote class=\"wp-block-quote is-layout-flow wp-block-quote-is-layout-flow\">\n<figure class=\"wp-block-embed\"><div class=\"wp-block-embed__wrapper\">\nhttps:\/\/www.mitakaeurope.com\/swtm-gniew2025\n<\/div><\/figure>\n<\/blockquote>\n\n\n\n<figure class=\"wp-block-image size-full\"><img loading=\"lazy\" decoding=\"async\" width=\"1825\" height=\"2560\" src=\"https:\/\/www.ptchrnr.pl\/wp-content\/uploads\/2025\/04\/Plakat-A4-SWTM-Gniew2025-scaled.jpg\" alt=\"\" class=\"wp-image-1072\" srcset=\"https:\/\/www.ptchrnr.pl\/wp-content\/uploads\/2025\/04\/Plakat-A4-SWTM-Gniew2025-scaled.jpg 1825w, https:\/\/www.ptchrnr.pl\/wp-content\/uploads\/2025\/04\/Plakat-A4-SWTM-Gniew2025-214x300.jpg 214w\" sizes=\"auto, (max-width: 1825px) 100vw, 1825px\" \/><\/figure>","protected":false},"excerpt":{"rendered":"<p>Szyj z mistrzami &#8211; zapraszamy na praktyczne warsztaty zespole\u0144 mikrochirurgicznych, kt\u00f3re odb\u0119d\u0105 si\u0119 podczas III Zjazdu Polskiego Towarzystwa Chirurgii Rekonstrukcyjnej Narz\u0105du Ruchu. Zapraszamy uczestnik\u00f3w III Zjazdu do rejestracji.<\/p>","protected":false},"author":1,"featured_media":0,"parent":0,"menu_order":0,"comment_status":"closed","ping_status":"closed","template":"","meta":{"footnotes":""},"class_list":["post-1071","page","type-page","status-publish","hentry"],"_links":{"self":[{"href":"https:\/\/www.ptchrnr.pl\/en\/wp-json\/wp\/v2\/pages\/1071","targetHints":{"allow":["GET"]}}],"collection":[{"href":"https:\/\/www.ptchrnr.pl\/en\/wp-json\/wp\/v2\/pages"}],"about":[{"href":"https:\/\/www.ptchrnr.pl\/en\/wp-json\/wp\/v2\/types\/page"}],"author":[{"embeddable":true,"href":"https:\/\/www.ptchrnr.pl\/en\/wp-json\/wp\/v2\/users\/1"}],"replies":[{"embeddable":true,"href":"https:\/\/www.ptchrnr.pl\/en\/wp-json\/wp\/v2\/comments?post=1071"}],"version-history":[{"count":3,"href":"https:\/\/www.ptchrnr.pl\/en\/wp-json\/wp\/v2\/pages\/1071\/revisions"}],"predecessor-version":[{"id":1148,"href":"https:\/\/www.ptchrnr.pl\/en\/wp-json\/wp\/v2\/pages\/1071\/revisions\/1148"}],"wp:attachment":[{"href":"https:\/\/www.ptchrnr.pl\/en\/wp-json\/wp\/v2\/media?parent=1071"}],"curies":[{"name":"wp","href":"https:\/\/api.w.org\/{rel}","templated":true}]}}