{"id":10,"date":"2017-05-24T17:13:35","date_gmt":"2017-05-24T17:13:35","guid":{"rendered":"http:\/\/localhost\/medical-way-plus\/?page_id=10"},"modified":"2022-11-01T07:28:51","modified_gmt":"2022-11-01T06:28:51","slug":"mikrochirurgia","status":"publish","type":"page","link":"https:\/\/www.ptchrnr.pl\/en\/info\/mikrochirurgia\/","title":{"rendered":"Microsurgery"},"content":{"rendered":"<p style=\"font-weight: 400;\">It is a surgical discipline that includes specialized surgical techniques requiring enlargement of the operating field, usually with a microscope.<\/p>\n<p style=\"font-weight: 400;\">Thanks to the use of microsurgical techniques, it is possible to treat small structures, including the fixation of vessels and nerves.<\/p>\n<p style=\"font-weight: 400;\">Below are examples of microsurgical anastomoses.&nbsp;<\/p>\n<p><\/p>\n\n\n<figure class=\"wp-block-image size-large\"><img loading=\"lazy\" decoding=\"async\" width=\"1024\" height=\"793\" src=\"http:\/\/www.ptchrnr.pl\/wp-content\/uploads\/2022\/10\/mikroch_1-1024x793.jpg\" alt=\"\" class=\"wp-image-613\" srcset=\"https:\/\/www.ptchrnr.pl\/wp-content\/uploads\/2022\/10\/mikroch_1-1024x793.jpg 1024w, https:\/\/www.ptchrnr.pl\/wp-content\/uploads\/2022\/10\/mikroch_1-300x232.jpg 300w, https:\/\/www.ptchrnr.pl\/wp-content\/uploads\/2022\/10\/mikroch_1-768x595.jpg 768w, https:\/\/www.ptchrnr.pl\/wp-content\/uploads\/2022\/10\/mikroch_1-240x186.jpg 240w, https:\/\/www.ptchrnr.pl\/wp-content\/uploads\/2022\/10\/mikroch_1.jpg 1286w\" sizes=\"auto, (max-width: 1024px) 100vw, 1024px\" \/><\/figure>\n\n\n\n<figure class=\"wp-block-image size-full is-resized\"><img decoding=\"async\" src=\"https:\/\/www.ptchrnr.pl\/wp-content\/uploads\/2022\/11\/mikroch_2-1.jpg\" alt=\"\" class=\"wp-image-710\" width=\"839\" srcset=\"https:\/\/www.ptchrnr.pl\/wp-content\/uploads\/2022\/11\/mikroch_2-1.jpg 768w, https:\/\/www.ptchrnr.pl\/wp-content\/uploads\/2022\/11\/mikroch_2-1-225x300.jpg 225w, https:\/\/www.ptchrnr.pl\/wp-content\/uploads\/2022\/11\/mikroch_2-1-9x12.jpg 9w, https:\/\/www.ptchrnr.pl\/wp-content\/uploads\/2022\/11\/mikroch_2-1-180x240.jpg 180w\" sizes=\"(max-width: 768px) 100vw, 768px\" \/><\/figure>\n\n\n\n<p class=\"has-text-align-right\"><sub>\u00a9 POS 2022<\/sub><\/p>\n\n\n\n<p><\/p>","protected":false},"excerpt":{"rendered":"<p>To dzia\u0142 chirurgii obejmuj\u0105cy specjalistyczne techniki operacyjne, w przeprowadzeniu kt\u00f3rych potrzebne jest powi\u0119kszenie pola operacyjnego, uzyskiwane najcze\u015bciej za pomoc\u0105 mikroskopu. Dzi\u0119ki zastosowaniu technik mikrochirurgicznych mo\u017cliwe jest leczenie ma\u0142ych struktur, w tym zespalanie naczy\u0144 i nerw\u00f3w. Poni\u017cej przyk\u0142ady zespole\u0144 mikrochirurgicznych.&nbsp; \u00a9 PTCHRNR 2022<\/p>","protected":false},"author":1,"featured_media":577,"parent":379,"menu_order":0,"comment_status":"closed","ping_status":"closed","template":"","meta":{"footnotes":""},"class_list":["post-10","page","type-page","status-publish","has-post-thumbnail","hentry"],"_links":{"self":[{"href":"https:\/\/www.ptchrnr.pl\/en\/wp-json\/wp\/v2\/pages\/10","targetHints":{"allow":["GET"]}}],"collection":[{"href":"https:\/\/www.ptchrnr.pl\/en\/wp-json\/wp\/v2\/pages"}],"about":[{"href":"https:\/\/www.ptchrnr.pl\/en\/wp-json\/wp\/v2\/types\/page"}],"author":[{"embeddable":true,"href":"https:\/\/www.ptchrnr.pl\/en\/wp-json\/wp\/v2\/users\/1"}],"replies":[{"embeddable":true,"href":"https:\/\/www.ptchrnr.pl\/en\/wp-json\/wp\/v2\/comments?post=10"}],"version-history":[{"count":12,"href":"https:\/\/www.ptchrnr.pl\/en\/wp-json\/wp\/v2\/pages\/10\/revisions"}],"predecessor-version":[{"id":716,"href":"https:\/\/www.ptchrnr.pl\/en\/wp-json\/wp\/v2\/pages\/10\/revisions\/716"}],"up":[{"embeddable":true,"href":"https:\/\/www.ptchrnr.pl\/en\/wp-json\/wp\/v2\/pages\/379"}],"wp:featuredmedia":[{"embeddable":true,"href":"https:\/\/www.ptchrnr.pl\/en\/wp-json\/wp\/v2\/media\/577"}],"wp:attachment":[{"href":"https:\/\/www.ptchrnr.pl\/en\/wp-json\/wp\/v2\/media?parent=10"}],"curies":[{"name":"wp","href":"https:\/\/api.w.org\/{rel}","templated":true}]}}